{"id":258445,"date":"2025-09-15T13:29:29","date_gmt":"2025-09-15T13:29:29","guid":{"rendered":"https:\/\/mendlogistics.eu\/lagerhaus-2\/"},"modified":"2025-09-15T13:50:40","modified_gmt":"2025-09-15T13:50:40","slug":"lagerhaus-2","status":"publish","type":"page","link":"https:\/\/mendlogistics.eu\/de\/lagerhaus-2\/","title":{"rendered":"Flexible Lagerm\u00f6glichkeiten"},"content":{"rendered":"<p>[et_pb_section fb_built=&#8220;1&#8243; _builder_version=&#8220;4.27.4&#8243; _module_preset=&#8220;default&#8220; custom_padding=&#8220;0px||0px||true|false&#8220; locked=&#8220;off&#8220; global_colors_info=&#8220;{}&#8220;][et_pb_row use_custom_gutter=&#8220;on&#8220; gutter_width=&#8220;4&#8243; custom_padding_last_edited=&#8220;on|phone&#8220; _builder_version=&#8220;4.27.4&#8243; _module_preset=&#8220;default&#8220; use_background_color_gradient=&#8220;on&#8220; background_color_gradient_stops=&#8220;rgba(3,43,56,0.5) 0%|rgba(3,43,56,0.74) 100%&#8220; background_color_gradient_overlays_image=&#8220;on&#8220; background_image=&#8220;https:\/\/mendlogistics.eu\/wp-content\/uploads\/2025\/09\/flexibele-opslag-voor-webshops-in-belfeld-venlo.webp&#8220; width=&#8220;95%&#8220; max_width=&#8220;95%&#8220; custom_padding=&#8220;90px|50px|80px|50px|false|true&#8220; custom_padding_tablet=&#8220;50px|50px|500px|50px|false|true&#8220; custom_padding_phone=&#8220;20px|20px|50px|20px|false|true&#8220; background_last_edited=&#8220;on|tablet&#8220; background_position_tablet=&#8220;top_center&#8220; global_colors_info=&#8220;{}&#8220;][et_pb_column type=&#8220;4_4&#8243; _builder_version=&#8220;4.25.1&#8243; _module_preset=&#8220;default&#8220; custom_padding_tablet=&#8220;30px|30px|30px|30px|true|true&#8220; custom_padding_phone=&#8220;20px|||20px|false|false&#8220; custom_padding_last_edited=&#8220;on|tablet&#8220; background_color_tablet=&#8220;#FFFFFF&#8220; background_color_phone=&#8220;#FFFFFF&#8220; background_last_edited=&#8220;on|tablet&#8220; background_enable_color_tablet=&#8220;on&#8220; background_enable_color_phone=&#8220;on&#8220; global_colors_info=&#8220;{}&#8220;][et_pb_text module_class=&#8220;tekst&#8220; _builder_version=&#8220;4.27.4&#8243; _module_preset=&#8220;default&#8220; text_text_color=&#8220;#ffffff&#8220; header_font=&#8220;Khand|&#8211;et_global_heading_font_weight|||||||&#8220; header_text_align=&#8220;center&#8220; header_text_color=&#8220;#FFFFFF&#8220; header_font_size=&#8220;100px&#8220; background_color=&#8220;RGBA(255,255,255,0)&#8220; text_orientation=&#8220;center&#8220; custom_margin=&#8220;222px||10px||false|false&#8220; custom_margin_tablet=&#8220;||0px||false|false&#8220; custom_margin_phone=&#8220;0px||0px||false|false&#8220; custom_margin_last_edited=&#8220;on|tablet&#8220; header_font_size_tablet=&#8220;60px&#8220; header_font_size_phone=&#8220;60px&#8220; header_font_size_last_edited=&#8220;on|tablet&#8220; background_last_edited=&#8220;off|phone&#8220; global_colors_info=&#8220;{}&#8220;]<\/p>\n<h1>Flexible Lagerm\u00f6glichkeiten<\/h1>\n<p>F\u00fcr die Lagerung Ihrer Waren<\/p>\n<p>[\/et_pb_text][\/et_pb_column][\/et_pb_row][\/et_pb_section][et_pb_section fb_built=&#8220;1&#8243; _builder_version=&#8220;4.20.2&#8243; _module_preset=&#8220;default&#8220; custom_padding=&#8220;0px||0px||false|false&#8220; locked=&#8220;off&#8220; global_colors_info=&#8220;{}&#8220;][et_pb_row _builder_version=&#8220;4.20.2&#8243; _module_preset=&#8220;default&#8220; custom_padding=&#8220;18px||18px||true|&#8220; global_colors_info=&#8220;{}&#8220;][et_pb_column type=&#8220;4_4&#8243; _builder_version=&#8220;4.20.2&#8243; _module_preset=&#8220;default&#8220; global_colors_info=&#8220;{}&#8220;][dipi_breadcrumbs bc_home_icon=&#8220;off&#8220; bc_separator_icon=&#8220;&#x39;||divi||400&#8243; bc_items_alignment=&#8220;dipi-bc-center&#8220; bc_separator_color=&#8220;#BBC1C3&#8243; _builder_version=&#8220;4.20.2&#8243; _module_preset=&#8220;default&#8220; items_font=&#8220;Inter Tight||||||||&#8220; items_text_color=&#8220;#BBC1C3&#8243; active_text_color=&#8220;#FE461D&#8220; module_alignment=&#8220;center&#8220; global_colors_info=&#8220;{}&#8220;][\/dipi_breadcrumbs][\/et_pb_column][\/et_pb_row][\/et_pb_section][et_pb_section fb_built=&#8220;1&#8243; _builder_version=&#8220;4.20.2&#8243; _module_preset=&#8220;default&#8220; custom_padding=&#8220;0px||0px||false|false&#8220; locked=&#8220;off&#8220; global_colors_info=&#8220;{}&#8220;][et_pb_row column_structure=&#8220;1_2,1_2&#8243; use_custom_gutter=&#8220;on&#8220; gutter_width=&#8220;2&#8243; custom_padding_last_edited=&#8220;on|tablet&#8220; _builder_version=&#8220;4.20.2&#8243; _module_preset=&#8220;default&#8220; custom_margin=&#8220;50px||50px||true|false&#8220; custom_padding_tablet=&#8220;0px||||false|false&#8220; custom_padding_phone=&#8220;||0px||false|false&#8220; global_colors_info=&#8220;{}&#8220;][et_pb_column type=&#8220;1_2&#8243; _builder_version=&#8220;4.20.2&#8243; _module_preset=&#8220;default&#8220; global_colors_info=&#8220;{}&#8220;][et_pb_text _builder_version=&#8220;4.27.4&#8243; _module_preset=&#8220;default&#8220; header_3_font=&#8220;|800|||||||&#8220; header_3_text_color=&#8220;#EC6525&#8243; header_3_font_size=&#8220;26px&#8220; header_3_line_height=&#8220;1.4em&#8220; custom_margin=&#8220;3px||10px||false|false&#8220; custom_margin_tablet=&#8220;0px||10px||false|false&#8220; custom_margin_phone=&#8220;0px||10px||false|false&#8220; custom_margin_last_edited=&#8220;on|tablet&#8220; locked=&#8220;off&#8220; global_colors_info=&#8220;{}&#8220;]<\/p>\n<h3>Flexible Lagerm\u00f6glichkeiten f\u00fcr Webshops und Unternehmen<\/h3>\n<p>[\/et_pb_text][et_pb_text _builder_version=&#8220;4.25.2&#8243; _module_preset=&#8220;default&#8220; text_font=&#8220;||||||||&#8220; text_text_color=&#8220;#032B38&#8243; custom_margin=&#8220;||40px|||&#8220; locked=&#8220;off&#8220; global_colors_info=&#8220;{}&#8220;]<\/p>\n<p>Haben Sie einen Webshop und Ihr Lagerbestand w\u00e4chst \u00fcber den aktuellen Platz hinaus? Bei MD Logistics k\u00f6nnen Sie bereits ab 10 m\u00b2 sichere Lagerfl\u00e4che mieten. Unsere Halle hat eine Gesamtfl\u00e4che von 550 m\u00b2 und bietet die M\u00f6glichkeit, bis zu einer H\u00f6he von 3 Metern zu lagern.  <\/p>\n<p>Der gro\u00dfe Vorteil von Lagerraum bei MD Logistics: Sie k\u00f6nnen klein anfangen und einfach erweitern, sobald Ihr Webshop w\u00e4chst. So bezahlen Sie nie f\u00fcr mehr Platz, als Sie ben\u00f6tigen. <\/p>\n<p>Neben der Lagerung sind wir offen daf\u00fcr, gemeinsam mit Ihnen nach zus\u00e4tzlichen logistischen M\u00f6glichkeiten zu suchen, abh\u00e4ngig von Ihren W\u00fcnschen. So verf\u00fcgen Sie immer \u00fcber den Raum und die Unterst\u00fctzung, die zu Ihrer Situation passt. <\/p>\n<p>Perfekt f\u00fcr Webshop-Besitzer, die bereit f\u00fcr den n\u00e4chsten Schritt sind: Wachstum mit ihrem Gesch\u00e4ft.<br \/>Lagerraum in unserer Halle ist ab 10 m\u00b2 zu mieten<\/p>\n<p>[\/et_pb_text][et_pb_blurb title=&#8220;Lagerraum mieten ab 10 m\u00b2, ideal f\u00fcr wachsende Webshops.&#8220; use_icon=&#8220;on&#8220; font_icon=&#8220;&#xf00c;||fa||900&#8243; icon_color=&#8220;#FFFFFF&#8220; image_icon_background_color=&#8220;#EC6525&#8243; icon_placement=&#8220;left&#8220; image_icon_width=&#8220;10px&#8220; _builder_version=&#8220;4.27.4&#8243; _module_preset=&#8220;default&#8220; header_text_align=&#8220;left&#8220; header_text_color=&#8220;#032B38&#8243; header_font_size=&#8220;16px&#8220; image_icon_custom_padding=&#8220;7px|7px|7px|7px|true|true&#8220; module_alignment=&#8220;left&#8220; custom_margin=&#8220;||6px|||&#8220; custom_css_blurb_title=&#8220;margin-top:4px;||margin-left:-10px;&#8220; locked=&#8220;off&#8220; global_colors_info=&#8220;{}&#8220;][\/et_pb_blurb][et_pb_blurb title=&#8220;Flexibel erweiterbar: Sie bezahlen nur f\u00fcr den Platz, den Sie ben\u00f6tigen.&#8220; use_icon=&#8220;on&#8220; font_icon=&#8220;&#xf00c;||fa||900&#8243; icon_color=&#8220;#FFFFFF&#8220; image_icon_background_color=&#8220;#EC6525&#8243; icon_placement=&#8220;left&#8220; image_icon_width=&#8220;10px&#8220; _builder_version=&#8220;4.27.4&#8243; _module_preset=&#8220;default&#8220; header_text_align=&#8220;left&#8220; header_text_color=&#8220;#032B38&#8243; header_font_size=&#8220;16px&#8220; image_icon_custom_padding=&#8220;7px|7px|7px|7px|true|true&#8220; module_alignment=&#8220;left&#8220; custom_margin=&#8220;||6px|||&#8220; custom_css_blurb_title=&#8220;margin-top:4px;||margin-left:-10px;&#8220; locked=&#8220;off&#8220; global_colors_info=&#8220;{}&#8220;][\/et_pb_blurb][et_pb_blurb title=&#8220;M\u00f6glichkeit zur zus\u00e4tzlichen, ma\u00dfgeschneiderten logistischen Unterst\u00fctzung.&#8220; use_icon=&#8220;on&#8220; font_icon=&#8220;&#xf00c;||fa||900&#8243; icon_color=&#8220;#FFFFFF&#8220; image_icon_background_color=&#8220;#EC6525&#8243; icon_placement=&#8220;left&#8220; image_icon_width=&#8220;10px&#8220; _builder_version=&#8220;4.27.4&#8243; _module_preset=&#8220;default&#8220; header_text_align=&#8220;left&#8220; header_text_color=&#8220;#032B38&#8243; header_font_size=&#8220;16px&#8220; image_icon_custom_padding=&#8220;7px|7px|7px|7px|true|true&#8220; module_alignment=&#8220;left&#8220; custom_margin=&#8220;||6px|||&#8220; custom_css_blurb_title=&#8220;margin-top:4px;||margin-left:-10px;&#8220; locked=&#8220;off&#8220; global_colors_info=&#8220;{}&#8220;][\/et_pb_blurb][et_pb_text _builder_version=&#8220;4.27.4&#8243; _module_preset=&#8220;default&#8220; text_font=&#8220;||||||||&#8220; text_text_color=&#8220;#032B38&#8243; custom_margin=&#8220;40px||40px|||&#8220; locked=&#8220;off&#8220; global_colors_info=&#8220;{}&#8220;]<\/p>\n<p>Haben Sie Interesse oder m\u00f6chten Sie mehr \u00fcber die M\u00f6glichkeiten erfahren?<\/p>\n<p>[\/et_pb_text][\/et_pb_column][et_pb_column type=&#8220;1_2&#8243; _builder_version=&#8220;4.20.2&#8243; _module_preset=&#8220;default&#8220; global_colors_info=&#8220;{}&#8220;][et_pb_image src=&#8220;https:\/\/mendlogistics.eu\/wp-content\/uploads\/2025\/09\/flexibele-opslag-voor-webshops-in-belfeld-venlo.webp&#8220; title_text=&#8220;flexible-lagerung-fuer-webshops-in-belfeld-venlo&#8220; force_fullwidth=&#8220;on&#8220; _builder_version=&#8220;4.27.4&#8243; _module_preset=&#8220;default&#8220; global_colors_info=&#8220;{}&#8220;][\/et_pb_image][\/et_pb_column][\/et_pb_row][\/et_pb_section][et_pb_section fb_built=&#8220;1&#8243; _builder_version=&#8220;4.20.2&#8243; _module_preset=&#8220;default&#8220; custom_padding=&#8220;19px||||false|false&#8220; global_colors_info=&#8220;{}&#8220; locked=&#8220;off&#8220; background_color=&#8220;rgba(187,193,195,0.1)&#8220;][et_pb_row use_custom_gutter=&#8220;on&#8220; gutter_width=&#8220;2&#8243; make_equal=&#8220;on&#8220; custom_padding_last_edited=&#8220;on|tablet&#8220; _builder_version=&#8220;4.27.4&#8243; _module_preset=&#8220;default&#8220; background_color=&#8220;RGBA(255,255,255,0)&#8220; background_enable_image=&#8220;off&#8220; width_tablet=&#8220;&#8220; width_phone=&#8220;100%&#8220; width_last_edited=&#8220;on|phone&#8220; custom_padding_tablet=&#8220;30px|30px|30px|30px|true|true&#8220; custom_padding_phone=&#8220;20px|20px|20px|20px|true|true&#8220; hover_enabled=&#8220;0&#8243; global_colors_info=&#8220;{}&#8220; sticky_enabled=&#8220;0&#8243;][et_pb_column type=&#8220;4_4&#8243; disabled_on=&#8220;on|on|off&#8220; _builder_version=&#8220;4.20.2&#8243; _module_preset=&#8220;default&#8220; custom_css_main_element=&#8220;display:flex;||flex-direction:column;&#8220; global_colors_info=&#8220;{}&#8220;][et_pb_text _builder_version=&#8220;4.27.4&#8243; _module_preset=&#8220;default&#8220; header_3_font=&#8220;|800|||||||&#8220; header_3_text_color=&#8220;#EC6525&#8243; header_3_font_size=&#8220;26px&#8220; header_3_line_height=&#8220;1.4em&#8220; custom_margin=&#8220;3px||10px||false|false&#8220; custom_margin_tablet=&#8220;0px||10px||false|false&#8220; custom_margin_phone=&#8220;0px||10px||false|false&#8220; custom_margin_last_edited=&#8220;on|tablet&#8220; hover_enabled=&#8220;0&#8243; locked=&#8220;off&#8220; global_colors_info=&#8220;{}&#8220; sticky_enabled=&#8220;0&#8243;]<\/p>\n<h3>Haben Sie Interesse oder m\u00f6chten Sie mehr \u00fcber die M\u00f6glichkeiten erfahren?<\/h3>\n<p>Bei M Logistics stehen wir Ihnen jederzeit zur Verf\u00fcgung, um Ihnen bei allen Fragen und Bed\u00fcrfnissen im Bereich flexibler Lagerfl\u00e4chen f\u00fcr Ihren Webshop oder Ihr Unternehmen zu helfen. <\/p>\n<p>[\/et_pb_text][dipi_gravity_forms_styler gf_form_id=&#8220;4&#8243; form_title=&#8220;hide&#8220; _builder_version=&#8220;4.27.4&#8243; _module_preset=&#8220;default&#8220; field_label_font=&#8220;DM Sans||||||||&#8220; field_label_text_color=&#8220;#6F797D&#8220; field_label_font_size=&#8220;17px&#8220; input_field_font=&#8220;DM Sans||||||||&#8220; custom_submit=&#8220;on&#8220; submit_text_size=&#8220;20px&#8220; submit_text_color=&#8220;#FFFFFF&#8220; submit_bg_color=&#8220;#EC6525&#8243; submit_letter_spacing=&#8220;2px&#8220; submit_font=&#8220;Khand|700|||||||&#8220; submit_use_icon=&#8220;off&#8220; width_tablet=&#8220;&#8220; width_phone=&#8220;100%&#8220; width_last_edited=&#8220;on|phone&#8220; hover_enabled=&#8220;0&#8243; global_colors_info=&#8220;{}&#8220; sticky_enabled=&#8220;0&#8243; background_enable_color=&#8220;off&#8220; custom_margin=&#8220;55px|||||&#8220;][\/dipi_gravity_forms_styler][\/et_pb_column][\/et_pb_row][\/et_pb_section]<\/p>\n","protected":false},"excerpt":{"rendered":"<p>Flexible Lagerm\u00f6glichkeiten F\u00fcr die Lagerung Ihrer Waren<div class=\"et_pb_module dipi_breadcrumbs dipi_breadcrumbs_0\">\n\t\t\t\t\n\t\t\t\t\n\t\t\t\t\n\t\t\t\t\n\t\t\t\t\n\t\t\t\t\n\t\t\t\t<div class=\"et_pb_module_inner\">\n\t\t\t\t\t<div class=\"dipi-breadcrumbs dipi-bc-center\">\n                <ul >\n                    \n                                                        <li  class=\"dipi-breadcrumb-item dipi-breadcrumb-home\">\n\n                                                    <a  href=\"https:\/\/mendlogistics.eu\/de\/\">\n                                <span  content=\"Home\">\n                                                                        M&amp;D logistics                                <\/span>\n                            <\/a>\n\n                                                <meta itemprop=\"position\" content=\"1\"\/>                    <\/li>\n\n                    <li class=\"dipi-breadcrumb-separator\">\n                    <span class=\"et-pb-icon dipi-separator-icon\">&#x39;<\/span>\n                <\/li>                            \n                <\/ul>\n            <\/div>\n\t\t\t\t<\/div>\n\t\t\t<\/div>Flexible Lagerm\u00f6glichkeiten f\u00fcr Webshops und UnternehmenHaben Sie einen Webshop und Ihr Lagerbestand w\u00e4chst \u00fcber den aktuellen Platz hinaus? Bei MD Logistics k\u00f6nnen Sie bereits ab 10 m\u00b2 sichere Lagerfl\u00e4che mieten. Unsere Halle hat eine Gesamtfl\u00e4che von 550 [&hellip;]<\/p>\n","protected":false},"author":1,"featured_media":0,"parent":0,"menu_order":2,"comment_status":"closed","ping_status":"closed","template":"","meta":{"_et_pb_use_builder":"on","_et_pb_old_content":"","_et_gb_content_width":"","footnotes":""},"dipi_cpt_category":[],"class_list":["post-258445","page","type-page","status-publish","hentry"],"_links":{"self":[{"href":"https:\/\/mendlogistics.eu\/de\/wp-json\/wp\/v2\/pages\/258445","targetHints":{"allow":["GET"]}}],"collection":[{"href":"https:\/\/mendlogistics.eu\/de\/wp-json\/wp\/v2\/pages"}],"about":[{"href":"https:\/\/mendlogistics.eu\/de\/wp-json\/wp\/v2\/types\/page"}],"author":[{"embeddable":true,"href":"https:\/\/mendlogistics.eu\/de\/wp-json\/wp\/v2\/users\/1"}],"replies":[{"embeddable":true,"href":"https:\/\/mendlogistics.eu\/de\/wp-json\/wp\/v2\/comments?post=258445"}],"version-history":[{"count":11,"href":"https:\/\/mendlogistics.eu\/de\/wp-json\/wp\/v2\/pages\/258445\/revisions"}],"predecessor-version":[{"id":258468,"href":"https:\/\/mendlogistics.eu\/de\/wp-json\/wp\/v2\/pages\/258445\/revisions\/258468"}],"wp:attachment":[{"href":"https:\/\/mendlogistics.eu\/de\/wp-json\/wp\/v2\/media?parent=258445"}],"wp:term":[{"taxonomy":"dipi_cpt_category","embeddable":true,"href":"https:\/\/mendlogistics.eu\/de\/wp-json\/wp\/v2\/dipi_cpt_category?post=258445"}],"curies":[{"name":"wp","href":"https:\/\/api.w.org\/{rel}","templated":true}]}}