{"id":258169,"date":"2024-05-27T09:15:48","date_gmt":"2024-05-27T09:15:48","guid":{"rendered":"https:\/\/mendlogistics.eu\/dienstleistungen\/spedition-und-transport\/"},"modified":"2025-04-15T10:17:26","modified_gmt":"2025-04-15T10:17:26","slug":"spedition-und-transport","status":"publish","type":"page","link":"https:\/\/mendlogistics.eu\/de\/dienstleistungen\/spedition-und-transport\/","title":{"rendered":"Spedition und Transport"},"content":{"rendered":"<p>[et_pb_section fb_built=&#8220;1&#8243; _builder_version=&#8220;4.20.2&#8243; _module_preset=&#8220;default&#8220; custom_padding=&#8220;0px||0px||true|false&#8220; locked=&#8220;off&#8220; global_colors_info=&#8220;{}&#8220;][et_pb_row use_custom_gutter=&#8220;on&#8220; gutter_width=&#8220;4&#8243; custom_padding_last_edited=&#8220;on|phone&#8220; _builder_version=&#8220;4.25.1&#8243; _module_preset=&#8220;default&#8220; use_background_color_gradient=&#8220;on&#8220; background_color_gradient_stops=&#8220;rgba(3,43,56,0.5) 0%|rgba(3,43,56,0.74) 100%&#8220; background_color_gradient_overlays_image=&#8220;on&#8220; background_image=&#8220;https:\/\/mendlogistics.eu\/wp-content\/uploads\/2024\/05\/mendtransport-belfeld.jpg&#8220; width=&#8220;95%&#8220; max_width=&#8220;95%&#8220; custom_padding=&#8220;90px|50px|80px|50px|false|true&#8220; custom_padding_tablet=&#8220;50px|50px|500px|50px|false|true&#8220; custom_padding_phone=&#8220;20px|20px|200px|20px|false|true&#8220; background_last_edited=&#8220;on|tablet&#8220; background_position_tablet=&#8220;top_center&#8220; global_colors_info=&#8220;{}&#8220;][et_pb_column type=&#8220;4_4&#8243; _builder_version=&#8220;4.25.1&#8243; _module_preset=&#8220;default&#8220; custom_padding_tablet=&#8220;30px|30px|30px|30px|true|true&#8220; custom_padding_phone=&#8220;20px|||20px|false|false&#8220; custom_padding_last_edited=&#8220;on|tablet&#8220; background_color_tablet=&#8220;#FFFFFF&#8220; background_color_phone=&#8220;#FFFFFF&#8220; background_last_edited=&#8220;on|tablet&#8220; background_enable_color_tablet=&#8220;on&#8220; background_enable_color_phone=&#8220;on&#8220; global_colors_info=&#8220;{}&#8220;][et_pb_text _builder_version=&#8220;4.27.4&#8243; _module_preset=&#8220;default&#8220; text_text_color=&#8220;#ffffff&#8220; header_font=&#8220;Khand|&#8211;et_global_heading_font_weight|||||||&#8220; header_text_align=&#8220;center&#8220; header_text_color=&#8220;#FFFFFF&#8220; header_font_size=&#8220;100px&#8220; text_orientation=&#8220;center&#8220; custom_margin=&#8220;222px||10px||false|false&#8220; custom_margin_tablet=&#8220;||0px||false|false&#8220; custom_margin_phone=&#8220;0px||0px||false|false&#8220; custom_margin_last_edited=&#8220;on|tablet&#8220; header_font_size_tablet=&#8220;60px&#8220; header_font_size_phone=&#8220;60px&#8220; header_font_size_last_edited=&#8220;on|tablet&#8220; global_colors_info=&#8220;{}&#8220; background_color=&#8220;RGBA(255,255,255,0)&#8220; hover_enabled=&#8220;0&#8243; sticky_enabled=&#8220;0&#8243;]<\/p>\n<h1>Expedition &amp; Transport<\/h1>\n<p>Wir sind Ihr zuverl\u00e4ssiger Logistikpartner, der weltweit qualitativ hochwertige Transport- und Speditionsdienstleistungen anbietet, mit den Kunden mitdenkt und Versprechen einh\u00e4lt.<\/p>\n<p>[\/et_pb_text][\/et_pb_column][\/et_pb_row][\/et_pb_section][et_pb_section fb_built=&#8220;1&#8243; _builder_version=&#8220;4.20.2&#8243; _module_preset=&#8220;default&#8220; custom_padding=&#8220;0px||0px||false|false&#8220; locked=&#8220;off&#8220; global_colors_info=&#8220;{}&#8220;][et_pb_row _builder_version=&#8220;4.20.2&#8243; _module_preset=&#8220;default&#8220; custom_padding=&#8220;18px||18px||true|&#8220; global_colors_info=&#8220;{}&#8220;][et_pb_column type=&#8220;4_4&#8243; _builder_version=&#8220;4.20.2&#8243; _module_preset=&#8220;default&#8220; global_colors_info=&#8220;{}&#8220;][dipi_breadcrumbs bc_home_icon=&#8220;off&#8220; bc_separator_icon=&#8220;&#x39;||divi||400&#8243; bc_items_alignment=&#8220;dipi-bc-center&#8220; bc_separator_color=&#8220;#BBC1C3&#8243; _builder_version=&#8220;4.20.2&#8243; _module_preset=&#8220;default&#8220; items_font=&#8220;Inter Tight||||||||&#8220; items_text_color=&#8220;#BBC1C3&#8243; active_text_color=&#8220;#FE461D&#8220; module_alignment=&#8220;center&#8220; global_colors_info=&#8220;{}&#8220;][\/dipi_breadcrumbs][\/et_pb_column][\/et_pb_row][\/et_pb_section][et_pb_section fb_built=&#8220;1&#8243; _builder_version=&#8220;4.20.2&#8243; _module_preset=&#8220;default&#8220; custom_padding=&#8220;0px||0px||false|false&#8220; locked=&#8220;off&#8220; global_colors_info=&#8220;{}&#8220;][et_pb_row column_structure=&#8220;1_2,1_2&#8243; use_custom_gutter=&#8220;on&#8220; gutter_width=&#8220;2&#8243; custom_padding_last_edited=&#8220;on|tablet&#8220; _builder_version=&#8220;4.20.2&#8243; _module_preset=&#8220;default&#8220; custom_margin=&#8220;50px||50px||true|false&#8220; custom_padding_tablet=&#8220;0px||||false|false&#8220; custom_padding_phone=&#8220;||0px||false|false&#8220; global_colors_info=&#8220;{}&#8220;][et_pb_column type=&#8220;1_2&#8243; _builder_version=&#8220;4.20.2&#8243; _module_preset=&#8220;default&#8220; global_colors_info=&#8220;{}&#8220;][et_pb_text _builder_version=&#8220;4.25.1&#8243; _module_preset=&#8220;default&#8220; header_text_color=&#8220;#EC6525&#8243; header_2_font=&#8220;|700|||||||&#8220; header_2_text_color=&#8220;#EC6525&#8243; header_2_font_size=&#8220;32px&#8220; header_3_font=&#8220;|800|||||||&#8220; header_3_text_color=&#8220;#EC6525&#8243; header_3_font_size=&#8220;26px&#8220; header_3_line_height=&#8220;1.4em&#8220; custom_margin=&#8220;3px||10px||false|false&#8220; custom_margin_tablet=&#8220;0px||10px||false|false&#8220; custom_margin_phone=&#8220;0px||10px||false|false&#8220; custom_margin_last_edited=&#8220;on|tablet&#8220; locked=&#8220;off&#8220; global_colors_info=&#8220;{}&#8220;]<\/p>\n<h3>Spedition und Transport durch M&amp;D logistics<\/h3>\n<p>[\/et_pb_text][et_pb_text _builder_version=&#8220;4.25.1&#8243; _module_preset=&#8220;default&#8220; text_font=&#8220;||||||||&#8220; text_text_color=&#8220;#032B38&#8243; custom_margin=&#8220;||40px|||&#8220; locked=&#8220;off&#8220; global_colors_info=&#8220;{}&#8220;]<\/p>\n<p>Wir sind Ihr zuverl\u00e4ssiger Logistikpartner f\u00fcr Transporte weltweit. Mit mehr als 50 Jahren Erfahrung bieten wir hochwertige Transport- und Speditionsdienstleistungen. Unser Fokus liegt darauf, mit unseren Kunden mitzudenken, optimale L\u00f6sungen zu liefern und unsere Versprechen einzuhalten.    <\/p>\n<p>[\/et_pb_text][et_pb_blurb title=&#8220;Schnelle Lieferzeiten&#8220; use_icon=&#8220;on&#8220; font_icon=&#8220;&#xf00c;||fa||900&#8243; icon_color=&#8220;#FFFFFF&#8220; image_icon_background_color=&#8220;#EC6525&#8243; icon_placement=&#8220;left&#8220; image_icon_width=&#8220;10px&#8220; _builder_version=&#8220;4.25.1&#8243; _module_preset=&#8220;default&#8220; header_text_align=&#8220;left&#8220; header_text_color=&#8220;#032B38&#8243; header_font_size=&#8220;16px&#8220; image_icon_custom_padding=&#8220;7px|7px|7px|7px|true|true&#8220; module_alignment=&#8220;left&#8220; custom_margin=&#8220;||6px|||&#8220; custom_css_blurb_title=&#8220;margin-top:4px;||margin-left:-10px;&#8220; locked=&#8220;off&#8220; global_colors_info=&#8220;{}&#8220;][\/et_pb_blurb][et_pb_blurb title=&#8220;Flexible Planung&#8220; use_icon=&#8220;on&#8220; font_icon=&#8220;&#xf00c;||fa||900&#8243; icon_color=&#8220;#FFFFFF&#8220; image_icon_background_color=&#8220;#EC6525&#8243; icon_placement=&#8220;left&#8220; image_icon_width=&#8220;10px&#8220; _builder_version=&#8220;4.25.1&#8243; _module_preset=&#8220;default&#8220; header_text_align=&#8220;left&#8220; header_text_color=&#8220;#032B38&#8243; header_font_size=&#8220;16px&#8220; image_icon_custom_padding=&#8220;7px|7px|7px|7px|true|true&#8220; module_alignment=&#8220;left&#8220; custom_margin=&#8220;||6px|||&#8220; custom_css_blurb_title=&#8220;margin-top:4px;||margin-left:-10px;&#8220; locked=&#8220;off&#8220; global_colors_info=&#8220;{}&#8220;][\/et_pb_blurb][et_pb_blurb title=&#8220;Exklusive Lieferung&#8220; use_icon=&#8220;on&#8220; font_icon=&#8220;&#xf00c;||fa||900&#8243; icon_color=&#8220;#FFFFFF&#8220; image_icon_background_color=&#8220;#EC6525&#8243; icon_placement=&#8220;left&#8220; image_icon_width=&#8220;10px&#8220; _builder_version=&#8220;4.25.1&#8243; _module_preset=&#8220;default&#8220; header_text_align=&#8220;left&#8220; header_text_color=&#8220;#032B38&#8243; header_font_size=&#8220;16px&#8220; image_icon_custom_padding=&#8220;7px|7px|7px|7px|true|true&#8220; module_alignment=&#8220;left&#8220; custom_margin=&#8220;||6px|||&#8220; custom_css_blurb_title=&#8220;margin-top:4px;||margin-left:-10px;&#8220; locked=&#8220;off&#8220; global_colors_info=&#8220;{}&#8220;][\/et_pb_blurb][et_pb_blurb title=&#8220;Konkurrenzf\u00e4hige Preise&#8220; use_icon=&#8220;on&#8220; font_icon=&#8220;&#xf00c;||fa||900&#8243; icon_color=&#8220;#FFFFFF&#8220; image_icon_background_color=&#8220;#EC6525&#8243; icon_placement=&#8220;left&#8220; image_icon_width=&#8220;10px&#8220; _builder_version=&#8220;4.25.1&#8243; _module_preset=&#8220;default&#8220; header_text_align=&#8220;left&#8220; header_text_color=&#8220;#032B38&#8243; header_font_size=&#8220;16px&#8220; image_icon_custom_padding=&#8220;7px|7px|7px|7px|true|true&#8220; module_alignment=&#8220;left&#8220; custom_margin=&#8220;||6px|||&#8220; custom_css_blurb_title=&#8220;margin-top:4px;||margin-left:-10px;&#8220; locked=&#8220;off&#8220; global_colors_info=&#8220;{}&#8220;][\/et_pb_blurb][et_pb_blurb title=&#8220;Erhalten Sie Ihr Angebot innerhalb von 1 Stunde&#8220; use_icon=&#8220;on&#8220; font_icon=&#8220;&#xf00c;||fa||900&#8243; icon_color=&#8220;#FFFFFF&#8220; image_icon_background_color=&#8220;#EC6525&#8243; icon_placement=&#8220;left&#8220; image_icon_width=&#8220;10px&#8220; _builder_version=&#8220;4.25.1&#8243; _module_preset=&#8220;default&#8220; header_text_align=&#8220;left&#8220; header_text_color=&#8220;#032B38&#8243; header_font_size=&#8220;16px&#8220; image_icon_custom_padding=&#8220;7px|7px|7px|7px|true|true&#8220; module_alignment=&#8220;left&#8220; custom_margin=&#8220;||6px|||&#8220; custom_css_blurb_title=&#8220;margin-top:4px;||margin-left:-10px;&#8220; locked=&#8220;off&#8220; global_colors_info=&#8220;{}&#8220;][\/et_pb_blurb][et_pb_button button_url=&#8220;https:\/\/mendlogistics.eu\/de\/kontakt\/&#8220; button_text=&#8220;Planen Sie einen Transport&#8220; _builder_version=&#8220;4.25.1&#8243; _module_preset=&#8220;default&#8220; custom_button=&#8220;on&#8220; button_text_color=&#8220;#FFFFFF&#8220; button_bg_color=&#8220;#EC6525&#8243; button_border_width=&#8220;2px&#8220; button_border_color=&#8220;#EC6525&#8243; button_border_radius=&#8220;0px&#8220; button_letter_spacing=&#8220;2px&#8220; button_font=&#8220;Khand|700|||||||&#8220; button_icon=&#8220;&#x35;||divi||400&#8243; button_on_hover=&#8220;off&#8220; custom_margin=&#8220;60px|||||&#8220; locked=&#8220;off&#8220; global_colors_info=&#8220;{}&#8220; button_text_color__hover_enabled=&#8220;on|hover&#8220; button_text_color__hover=&#8220;#e04d18&#8243; button_bg_color__hover_enabled=&#8220;on|hover&#8220; button_bg_color__hover=&#8220;RGBA(255,255,255,0)&#8220; button_bg_enable_color__hover=&#8220;on&#8220;][\/et_pb_button][\/et_pb_column][et_pb_column type=&#8220;1_2&#8243; _builder_version=&#8220;4.20.2&#8243; _module_preset=&#8220;default&#8220; global_colors_info=&#8220;{}&#8220;][et_pb_image src=&#8220;https:\/\/mendlogistics.eu\/wp-content\/uploads\/2024\/10\/vrachtwagen-laden-mendtransport.webp&#8220; title_text=&#8220;Lkw-Ladung-Mann-Transport&#8220; force_fullwidth=&#8220;on&#8220; _builder_version=&#8220;4.27.0&#8243; _module_preset=&#8220;default&#8220; global_colors_info=&#8220;{}&#8220;][\/et_pb_image][\/et_pb_column][\/et_pb_row][\/et_pb_section][et_pb_section fb_built=&#8220;1&#8243; _builder_version=&#8220;4.20.2&#8243; _module_preset=&#8220;default&#8220; background_color=&#8220;#FAFAFA&#8220; locked=&#8220;off&#8220; global_colors_info=&#8220;{}&#8220;][et_pb_row column_structure=&#8220;1_2,1_2&#8243; use_custom_gutter=&#8220;on&#8220; gutter_width=&#8220;2&#8243; _builder_version=&#8220;4.25.1&#8243; _module_preset=&#8220;default&#8220; custom_padding=&#8220;||0px|||&#8220; locked=&#8220;off&#8220; global_colors_info=&#8220;{}&#8220;][et_pb_column type=&#8220;1_2&#8243; _builder_version=&#8220;4.20.2&#8243; _module_preset=&#8220;default&#8220; global_colors_info=&#8220;{}&#8220;][et_pb_image src=&#8220;https:\/\/mendlogistics.eu\/wp-content\/uploads\/2024\/09\/mend-transport.webp&#8220; title_text=&#8220;mend-transport&#8220; _builder_version=&#8220;4.27.0&#8243; _module_preset=&#8220;default&#8220; global_colors_info=&#8220;{}&#8220;][\/et_pb_image][\/et_pb_column][et_pb_column type=&#8220;1_2&#8243; _builder_version=&#8220;4.20.2&#8243; _module_preset=&#8220;default&#8220; global_colors_info=&#8220;{}&#8220;][et_pb_text _builder_version=&#8220;4.25.1&#8243; _module_preset=&#8220;default&#8220; header_2_font=&#8220;|700|||||||&#8220; header_3_font=&#8220;|800|||||||&#8220; header_3_text_color=&#8220;#000000&#8243; header_3_font_size=&#8220;26px&#8220; header_3_line_height=&#8220;1.4em&#8220; custom_margin=&#8220;3px||10px||false|false&#8220; custom_margin_tablet=&#8220;0px||10px||false|false&#8220; custom_margin_phone=&#8220;0px||10px||false|false&#8220; custom_margin_last_edited=&#8220;on|tablet&#8220; locked=&#8220;off&#8220; global_colors_info=&#8220;{}&#8220;]<\/p>\n<h2>Unsere Transporte<\/h2>\n<p>[\/et_pb_text][et_pb_text _builder_version=&#8220;4.25.1&#8243; _module_preset=&#8220;default&#8220; text_font=&#8220;||||||||&#8220; text_text_color=&#8220;#032B38&#8243; custom_margin=&#8220;||40px|||&#8220; locked=&#8220;off&#8220; global_colors_info=&#8220;{}&#8220;]<\/p>\n<p>Vom <a href=\"\/groupage-transport\">Sammeltransport<\/a> bis zum kompletten LKW-Service. Sie k\u00f6nnen sich f\u00fcr alle Arten von Transporten innerhalb Europas an uns wenden. <\/p>\n<p>M&amp;D Logistics verf\u00fcgt \u00fcber umfassende Kenntnisse der europ\u00e4ischen Logistik und ein gro\u00dfes Netzwerk zuverl\u00e4ssiger Partner. Daher wissen wir genau, welches Ziel wir mit welchem Partner verbinden k\u00f6nnen. Bei unserer Transportplanung lassen wir keine Gelegenheit ungenutzt. Wir arrangieren Transporte auf der Stra\u00dfe, <u>zur See<\/u> und sogar <u>in der Luft<\/u>. Wir bieten ma\u00dfgeschneiderte Dienstleistungen und sorgen daf\u00fcr, dass Ihre Waren von T\u00fcr zu T\u00fcr geliefert werden: schnell, pr\u00e4zise und zuverl\u00e4ssig.    <\/p>\n<p><em>Mit unserem Engagement f\u00fcr &#8222;das kleine bisschen mehr&#8220; profitieren Sie von unserem Wissen.<\/em><\/p>\n<p>[\/et_pb_text][et_pb_text _builder_version=&#8220;4.25.1&#8243; _module_preset=&#8220;default&#8220; header_text_color=&#8220;#EC6525&#8243; header_2_font=&#8220;|700|||||||&#8220; header_2_text_color=&#8220;#EC6525&#8243; header_2_font_size=&#8220;32px&#8220; header_3_font=&#8220;|800|||||||&#8220; header_3_text_color=&#8220;#EC6525&#8243; header_3_font_size=&#8220;26px&#8220; header_3_line_height=&#8220;1.4em&#8220; custom_margin=&#8220;3px||10px||false|false&#8220; custom_margin_tablet=&#8220;0px||10px||false|false&#8220; custom_margin_phone=&#8220;0px||10px||false|false&#8220; custom_margin_last_edited=&#8220;on|tablet&#8220; locked=&#8220;off&#8220; global_colors_info=&#8220;{}&#8220;]<\/p>\n<h3>Lkw-Ladung (FTL) Transport<\/h3>\n<p>[\/et_pb_text][et_pb_text _builder_version=&#8220;4.25.1&#8243; _module_preset=&#8220;default&#8220; text_font=&#8220;||||||||&#8220; text_text_color=&#8220;#032B38&#8243; custom_margin=&#8220;||40px|||&#8220; locked=&#8220;off&#8220; global_colors_info=&#8220;{}&#8220;]<\/p>\n<p>F\u00fcr den Transport eines vollen Anh\u00e4ngers bieten wir den Full Truck Load (FTL)-Transport an. <br \/>Das bedeutet, dass Ihre Sendung nicht mit anderen Sendungen zusammengelegt wird, wie es beim <a href=\"\/groupage-transport\">Sammelgutverkehr<\/a> der Fall ist. Beim FTL-Transport k\u00f6nnen Sie sicher sein, dass ein Lkw ausschlie\u00dflich f\u00fcr Ihre Sendung f\u00e4hrt. Das bedeutet mehr Flexibilit\u00e4t bei der Planung und schnellere Lieferzeiten. Die Flexibilit\u00e4t bedeutet, dass diese Art des Warentransports oft zu wettbewerbsf\u00e4higen Tarifen durchgef\u00fchrt werden kann.   <\/p>\n<p>[\/et_pb_text][\/et_pb_column][\/et_pb_row][\/et_pb_section][et_pb_section fb_built=&#8220;1&#8243; _builder_version=&#8220;4.20.2&#8243; _module_preset=&#8220;default&#8220; custom_padding=&#8220;0px||0px||false|false&#8220; global_colors_info=&#8220;{}&#8220;][et_pb_row column_structure=&#8220;3_5,2_5&#8243; use_custom_gutter=&#8220;on&#8220; gutter_width=&#8220;2&#8243; custom_padding_last_edited=&#8220;on|tablet&#8220; _builder_version=&#8220;4.25.1&#8243; _module_preset=&#8220;default&#8220; custom_margin=&#8220;50px||50px||true|false&#8220; custom_padding_tablet=&#8220;0px||||false|false&#8220; custom_padding_phone=&#8220;||0px||false|false&#8220; global_colors_info=&#8220;{}&#8220;][et_pb_column type=&#8220;3_5&#8243; _builder_version=&#8220;4.20.2&#8243; _module_preset=&#8220;default&#8220; global_colors_info=&#8220;{}&#8220;][et_pb_text _builder_version=&#8220;4.25.1&#8243; _module_preset=&#8220;default&#8220; header_2_font=&#8220;|700|||||||&#8220; header_3_font=&#8220;|800|||||||&#8220; header_3_text_color=&#8220;#000000&#8243; header_3_font_size=&#8220;26px&#8220; header_3_line_height=&#8220;1.4em&#8220; custom_margin=&#8220;3px||10px||false|false&#8220; custom_margin_tablet=&#8220;0px||10px||false|false&#8220; custom_margin_phone=&#8220;0px||10px||false|false&#8220; custom_margin_last_edited=&#8220;on|tablet&#8220; locked=&#8220;off&#8220; global_colors_info=&#8220;{}&#8220;]<\/p>\n<h2>Warum M&amp;D Logistics w\u00e4hlen?<\/h2>\n<p>[\/et_pb_text][et_pb_text _builder_version=&#8220;4.25.1&#8243; _module_preset=&#8220;default&#8220; text_font=&#8220;||||||||&#8220; text_text_color=&#8220;#032B38&#8243; custom_margin=&#8220;||40px|||&#8220; locked=&#8220;off&#8220; global_colors_info=&#8220;{}&#8220;]<\/p>\n<p>Bei uns ist &#8222;Gibt es nicht&#8220; unser wichtigstes Motto. Unser Unternehmen wird von einem eingespielten und engagierten Team geleitet, das jeden Tag daran arbeitet, all unseren Kunden nur die besten und effizientesten Transportl\u00f6sungen zu bieten. Dank unserer kurzen Kommunikationswege werden wir von unseren Kunden als zug\u00e4nglich, transparent und flexibel beschrieben. Sie m\u00fcssen nicht lange warten, um sofort jemanden an der Strippe zu haben, der versteht, wovon Sie sprechen. Das ist M&amp;D Logistics. Zus\u00e4tzlich zu unseren umfassenden Kenntnissen des Logistiksektors verf\u00fcgen wir \u00fcber eigene Lagerfl\u00e4chen, die uns das gewisse Extra bieten.     <\/p>\n<p>Zuverl\u00e4ssigkeit, Sicherheit und Transparenz sind unsere obersten Priorit\u00e4ten. Kein Unsinn, nur klare Kommunikation. So wissen Sie, woran Sie sind, und wir k\u00f6nnen Ihnen schnell eine ma\u00dfgeschneiderte L\u00f6sung anbieten.  <\/p>\n<p>[\/et_pb_text][et_pb_button button_url=&#8220;https:\/\/mendlogistics.eu\/de\/kontakt\/&#8220; button_text=&#8220;Kontakt aufnehmen&#8220; _builder_version=&#8220;4.25.1&#8243; _module_preset=&#8220;default&#8220; custom_button=&#8220;on&#8220; button_text_color=&#8220;#FFFFFF&#8220; button_bg_color=&#8220;#EC6525&#8243; button_border_width=&#8220;2px&#8220; button_border_color=&#8220;#EC6525&#8243; button_border_radius=&#8220;0px&#8220; button_letter_spacing=&#8220;2px&#8220; button_font=&#8220;Khand|700|||||||&#8220; button_icon=&#8220;&#x35;||divi||400&#8243; button_on_hover=&#8220;off&#8220; custom_margin=&#8220;60px|||||&#8220; locked=&#8220;off&#8220; global_colors_info=&#8220;{}&#8220; button_text_color__hover_enabled=&#8220;on|hover&#8220; button_text_color__hover=&#8220;#e04d18&#8243; button_bg_color__hover_enabled=&#8220;on|hover&#8220; button_bg_color__hover=&#8220;RGBA(255,255,255,0)&#8220; button_bg_enable_color__hover=&#8220;on&#8220;][\/et_pb_button][\/et_pb_column][et_pb_column type=&#8220;2_5&#8243; _builder_version=&#8220;4.20.2&#8243; _module_preset=&#8220;default&#8220; global_colors_info=&#8220;{}&#8220;][dipi_counter suffix=&#8220;+&#8220; count_to_number=&#8220;50&#8243; _builder_version=&#8220;4.25.1&#8243; _module_preset=&#8220;default&#8220; all_font=&#8220;Khand||||||||&#8220; all_text_color=&#8220;#EC6525&#8243; all_font_size=&#8220;350px&#8220; all_letter_spacing=&#8220;-5px&#8220; suffix_font=&#8220;Khand||||||||&#8220; custom_margin=&#8220;auto||||false|false&#8220; all_text_align_tablet=&#8220;left&#8220; all_text_align_phone=&#8220;left&#8220; all_text_align_last_edited=&#8220;on|tablet&#8220; all_font_size_tablet=&#8220;250px&#8220; all_font_size_phone=&#8220;120px&#8220; all_font_size_last_edited=&#8220;on|phone&#8220; custom_css_main_element=&#8220;margin-bottom:0px!important;&#8220; locked=&#8220;off&#8220; global_colors_info=&#8220;{}&#8220;][\/dipi_counter][et_pb_text _builder_version=&#8220;4.25.1&#8243; _module_preset=&#8220;default&#8220; text_font=&#8220;Khand||||||||&#8220; text_text_color=&#8220;#032B38&#8243; text_font_size=&#8220;60px&#8220; text_orientation=&#8220;center&#8220; custom_margin_tablet=&#8220;||30px||false|false&#8220; custom_margin_phone=&#8220;||30px||false|false&#8220; custom_margin_last_edited=&#8220;on|tablet&#8220; text_font_size_tablet=&#8220;50px&#8220; text_font_size_phone=&#8220;30px&#8220; text_font_size_last_edited=&#8220;on|phone&#8220; text_orientation_tablet=&#8220;left&#8220; text_orientation_phone=&#8220;left&#8220; text_orientation_last_edited=&#8220;on|tablet&#8220; global_colors_info=&#8220;{}&#8220; text_line_height__hover_enabled=&#8220;off|desktop&#8220;]<\/p>\n<p>Erfahrung im Transportwesen<\/p>\n<p>[\/et_pb_text][\/et_pb_column][\/et_pb_row][\/et_pb_section]<\/p>\n","protected":false},"excerpt":{"rendered":"<p>Expedition &amp; Transport Wir sind Ihr zuverl\u00e4ssiger Logistikpartner, der weltweit qualitativ hochwertige Transport- und Speditionsdienstleistungen anbietet, mit den Kunden mitdenkt und Versprechen einh\u00e4lt.<div class=\"et_pb_module dipi_breadcrumbs dipi_breadcrumbs_0\">\n\t\t\t\t\n\t\t\t\t\n\t\t\t\t\n\t\t\t\t\n\t\t\t\t\n\t\t\t\t\n\t\t\t\t<div class=\"et_pb_module_inner\">\n\t\t\t\t\t<div class=\"dipi-breadcrumbs dipi-bc-center\">\n                <ul >\n                    \n                                                        <li  class=\"dipi-breadcrumb-item dipi-breadcrumb-home\">\n\n                                                    <a  href=\"https:\/\/mendlogistics.eu\/de\/\">\n                                <span  content=\"Home\">\n                                                                        M&amp;D logistics                                <\/span>\n                            <\/a>\n\n                                                <meta itemprop=\"position\" content=\"1\"\/>                    <\/li>\n\n                    <li class=\"dipi-breadcrumb-separator\">\n                    <span class=\"et-pb-icon dipi-separator-icon\">&#x39;<\/span>\n                <\/li>                            \n                <\/ul>\n            <\/div>\n\t\t\t\t<\/div>\n\t\t\t<\/div>Spedition und Transport durch M&amp;D logisticsWir sind Ihr zuverl\u00e4ssiger Logistikpartner f\u00fcr Transporte weltweit. Mit mehr als 50 Jahren Erfahrung bieten wir [&hellip;]<\/p>\n","protected":false},"author":1,"featured_media":0,"parent":257980,"menu_order":1,"comment_status":"closed","ping_status":"closed","template":"","meta":{"_et_pb_use_builder":"on","_et_pb_old_content":"","_et_gb_content_width":"","footnotes":""},"dipi_cpt_category":[],"class_list":["post-258169","page","type-page","status-publish","hentry"],"_links":{"self":[{"href":"https:\/\/mendlogistics.eu\/de\/wp-json\/wp\/v2\/pages\/258169","targetHints":{"allow":["GET"]}}],"collection":[{"href":"https:\/\/mendlogistics.eu\/de\/wp-json\/wp\/v2\/pages"}],"about":[{"href":"https:\/\/mendlogistics.eu\/de\/wp-json\/wp\/v2\/types\/page"}],"author":[{"embeddable":true,"href":"https:\/\/mendlogistics.eu\/de\/wp-json\/wp\/v2\/users\/1"}],"replies":[{"embeddable":true,"href":"https:\/\/mendlogistics.eu\/de\/wp-json\/wp\/v2\/comments?post=258169"}],"version-history":[{"count":8,"href":"https:\/\/mendlogistics.eu\/de\/wp-json\/wp\/v2\/pages\/258169\/revisions"}],"predecessor-version":[{"id":258416,"href":"https:\/\/mendlogistics.eu\/de\/wp-json\/wp\/v2\/pages\/258169\/revisions\/258416"}],"up":[{"embeddable":true,"href":"https:\/\/mendlogistics.eu\/de\/wp-json\/wp\/v2\/pages\/257980"}],"wp:attachment":[{"href":"https:\/\/mendlogistics.eu\/de\/wp-json\/wp\/v2\/media?parent=258169"}],"wp:term":[{"taxonomy":"dipi_cpt_category","embeddable":true,"href":"https:\/\/mendlogistics.eu\/de\/wp-json\/wp\/v2\/dipi_cpt_category?post=258169"}],"curies":[{"name":"wp","href":"https:\/\/api.w.org\/{rel}","templated":true}]}}