{"id":258164,"date":"2024-05-27T12:58:08","date_gmt":"2024-05-27T12:58:08","guid":{"rendered":"https:\/\/mendlogistics.eu\/dienstleistungen\/pharma-logistik\/"},"modified":"2025-04-15T10:07:18","modified_gmt":"2025-04-15T10:07:18","slug":"pharma-logistik","status":"publish","type":"page","link":"https:\/\/mendlogistics.eu\/de\/dienstleistungen\/pharma-logistik\/","title":{"rendered":"Pharma Logistik"},"content":{"rendered":"<p>[et_pb_section fb_built=&#8220;1&#8243; _builder_version=&#8220;4.20.2&#8243; _module_preset=&#8220;default&#8220; custom_padding=&#8220;0px||0px||true|false&#8220; locked=&#8220;off&#8220; global_colors_info=&#8220;{}&#8220;][et_pb_row use_custom_gutter=&#8220;on&#8220; gutter_width=&#8220;4&#8243; custom_padding_last_edited=&#8220;on|phone&#8220; _builder_version=&#8220;4.25.1&#8243; _module_preset=&#8220;default&#8220; use_background_color_gradient=&#8220;on&#8220; background_color_gradient_stops=&#8220;rgba(3,43,56,0.5) 0%|rgba(3,43,56,0.74) 100%&#8220; background_color_gradient_overlays_image=&#8220;on&#8220; background_image=&#8220;https:\/\/mendlogistics.eu\/wp-content\/uploads\/2024\/09\/warehouse-mendlogistics.webp&#8220; width=&#8220;95%&#8220; max_width=&#8220;95%&#8220; custom_padding=&#8220;90px|50px|80px|50px|false|true&#8220; custom_padding_tablet=&#8220;50px|50px|500px|50px|false|true&#8220; custom_padding_phone=&#8220;20px|20px|50px|20px|false|true&#8220; background_last_edited=&#8220;on|tablet&#8220; background_position_tablet=&#8220;top_center&#8220; global_colors_info=&#8220;{}&#8220;][et_pb_column type=&#8220;4_4&#8243; _builder_version=&#8220;4.25.1&#8243; _module_preset=&#8220;default&#8220; custom_padding_tablet=&#8220;30px|30px|30px|30px|true|true&#8220; custom_padding_phone=&#8220;20px|||20px|false|false&#8220; custom_padding_last_edited=&#8220;on|tablet&#8220; background_color_tablet=&#8220;#FFFFFF&#8220; background_color_phone=&#8220;#FFFFFF&#8220; background_last_edited=&#8220;on|tablet&#8220; background_enable_color_tablet=&#8220;on&#8220; background_enable_color_phone=&#8220;on&#8220; global_colors_info=&#8220;{}&#8220;][et_pb_text _builder_version=&#8220;4.27.4&#8243; _module_preset=&#8220;default&#8220; text_text_color=&#8220;#ffffff&#8220; header_font=&#8220;Khand|&#8211;et_global_heading_font_weight|||||||&#8220; header_text_align=&#8220;center&#8220; header_text_color=&#8220;#FFFFFF&#8220; header_font_size=&#8220;100px&#8220; background_color=&#8220;RGBA(255,255,255,0)&#8220; text_orientation=&#8220;center&#8220; custom_margin=&#8220;222px||10px||false|false&#8220; custom_margin_tablet=&#8220;||0px||false|false&#8220; custom_margin_phone=&#8220;0px||0px||false|false&#8220; custom_margin_last_edited=&#8220;on|tablet&#8220; header_font_size_tablet=&#8220;60px&#8220; header_font_size_phone=&#8220;60px&#8220; header_font_size_last_edited=&#8220;on|tablet&#8220; global_colors_info=&#8220;{}&#8220;]<\/p>\n<h1>Pharma Logistik<\/h1>\n<p>Wir transportieren Ihre Medikamente schnell, zuverl\u00e4ssig und sicher.<\/p>\n<p>[\/et_pb_text][\/et_pb_column][\/et_pb_row][\/et_pb_section][et_pb_section fb_built=&#8220;1&#8243; _builder_version=&#8220;4.20.2&#8243; _module_preset=&#8220;default&#8220; custom_padding=&#8220;0px||0px||false|false&#8220; locked=&#8220;off&#8220; global_colors_info=&#8220;{}&#8220;][et_pb_row _builder_version=&#8220;4.20.2&#8243; _module_preset=&#8220;default&#8220; custom_padding=&#8220;18px||18px||true|&#8220; global_colors_info=&#8220;{}&#8220;][et_pb_column type=&#8220;4_4&#8243; _builder_version=&#8220;4.20.2&#8243; _module_preset=&#8220;default&#8220; global_colors_info=&#8220;{}&#8220;][dipi_breadcrumbs bc_home_icon=&#8220;off&#8220; bc_separator_icon=&#8220;&#x39;||divi||400&#8243; bc_items_alignment=&#8220;dipi-bc-center&#8220; bc_separator_color=&#8220;#BBC1C3&#8243; _builder_version=&#8220;4.20.2&#8243; _module_preset=&#8220;default&#8220; items_font=&#8220;Inter Tight||||||||&#8220; items_text_color=&#8220;#BBC1C3&#8243; active_text_color=&#8220;#FE461D&#8220; module_alignment=&#8220;center&#8220; global_colors_info=&#8220;{}&#8220;][\/dipi_breadcrumbs][\/et_pb_column][\/et_pb_row][\/et_pb_section][et_pb_section fb_built=&#8220;1&#8243; _builder_version=&#8220;4.20.2&#8243; _module_preset=&#8220;default&#8220; custom_padding=&#8220;0px||0px||false|false&#8220; locked=&#8220;off&#8220; global_colors_info=&#8220;{}&#8220;][et_pb_row column_structure=&#8220;1_2,1_2&#8243; use_custom_gutter=&#8220;on&#8220; gutter_width=&#8220;2&#8243; _builder_version=&#8220;4.20.2&#8243; _module_preset=&#8220;default&#8220; global_colors_info=&#8220;{}&#8220;][et_pb_column type=&#8220;1_2&#8243; _builder_version=&#8220;4.20.2&#8243; _module_preset=&#8220;default&#8220; global_colors_info=&#8220;{}&#8220;][et_pb_text _builder_version=&#8220;4.27.4&#8243; _module_preset=&#8220;default&#8220; header_text_color=&#8220;#EC6525&#8243; header_2_font=&#8220;|800|||||||&#8220; header_2_text_color=&#8220;#EC6525&#8243; header_2_font_size=&#8220;32px&#8220; header_3_font=&#8220;|800|||||||&#8220; header_3_text_color=&#8220;#EC6525&#8243; header_3_font_size=&#8220;26px&#8220; header_3_line_height=&#8220;1.4em&#8220; custom_margin=&#8220;3px||10px||false|false&#8220; custom_margin_tablet=&#8220;0px||10px||false|false&#8220; custom_margin_phone=&#8220;0px||10px||false|false&#8220; custom_margin_last_edited=&#8220;on|tablet&#8220; locked=&#8220;off&#8220; global_colors_info=&#8220;{}&#8220;]<\/p>\n<h2>Der Partner f\u00fcr schnelle und zuverl\u00e4ssige Medikamententransporte<\/h2>\n<p>[\/et_pb_text][et_pb_text _builder_version=&#8220;4.27.2&#8243; _module_preset=&#8220;default&#8220; text_font=&#8220;||||||||&#8220; text_text_color=&#8220;#032B38&#8243; custom_margin=&#8220;||40px|||&#8220; locked=&#8220;off&#8220; global_colors_info=&#8220;{}&#8220;]<\/p>\n<p>Der Transport von Arzneimitteln erfordert einen besonderen Ansatz sowie hohe Standards, um Qualit\u00e4t und Sicherheit zu gew\u00e4hrleisten. Wir von M&amp;D Logistics sind auf den <strong>Transport von Medikamenten<\/strong> und anderen pharmazeutischen Produkten vom Hersteller zum H\u00e4ndler und Kunden spezialisiert. Mit unserem GDP-zertifizierten Medikamententransport sorgen wir daf\u00fcr, dass Ihre Medikamente schnell, sicher und zuverl\u00e4ssig transportiert werden.  <\/p>\n<p>[\/et_pb_text][et_pb_text _builder_version=&#8220;4.27.4&#8243; _module_preset=&#8220;default&#8220; header_text_color=&#8220;#EC6525&#8243; header_2_font=&#8220;|700|||||||&#8220; header_2_text_color=&#8220;#EC6525&#8243; header_2_font_size=&#8220;32px&#8220; header_3_font=&#8220;|800|||||||&#8220; header_3_text_color=&#8220;#EC6525&#8243; header_3_font_size=&#8220;26px&#8220; header_3_line_height=&#8220;1.4em&#8220; custom_margin=&#8220;3px||10px||false|false&#8220; custom_margin_tablet=&#8220;0px||10px||false|false&#8220; custom_margin_phone=&#8220;0px||10px||false|false&#8220; custom_margin_last_edited=&#8220;on|tablet&#8220; locked=&#8220;off&#8220; global_colors_info=&#8220;{}&#8220;]<\/p>\n<h3>Transport von Arzneimitteln vom Hersteller zum H\u00e4ndler und Kunden<\/h3>\n<p>[\/et_pb_text][et_pb_text _builder_version=&#8220;4.27.2&#8243; _module_preset=&#8220;default&#8220; text_font=&#8220;||||||||&#8220; text_text_color=&#8220;#032B38&#8243; custom_margin=&#8220;||40px|||&#8220; locked=&#8220;off&#8220; global_colors_info=&#8220;{}&#8220;]<\/p>\n<p>M&amp;D Logistics ist der Partner Ihrer Wahl f\u00fcr den Transport von Medikamenten vom Hersteller zum H\u00e4ndler, weltweit. Mit unserer Erfahrung und unserem Fachwissen garantieren wir, dass Ihre Fracht gem\u00e4\u00df den <strong>GDP-Richtlinien<\/strong> p\u00fcnktlich und sicher am Zielort ankommt. <br \/>Dies gilt f\u00fcr regionale, nationale oder internationale Transporte, regelm\u00e4\u00dfige Lieferungen, aber auch f\u00fcr dringende Auftr\u00e4ge. Bei M&amp;D Logistics bieten wir Ihnen einen hochwertigen Service und einen sicheren Transport Ihrer Medikamente. Unsere Planungsabteilung ist bereit, mit Ihnen zusammenzuarbeiten, um eine ma\u00dfgeschneiderte L\u00f6sung zu finden, die perfekt auf Ihre Bed\u00fcrfnisse zugeschnitten ist.   <\/p>\n<p>[\/et_pb_text][et_pb_button button_url=&#8220;https:\/\/mendlogistics.eu\/de\/kontakt\/&#8220; button_text=&#8220;Pharma-Transportplanung&#8220; _builder_version=&#8220;4.27.0&#8243; _module_preset=&#8220;default&#8220; custom_button=&#8220;on&#8220; button_text_color=&#8220;#FFFFFF&#8220; button_bg_color=&#8220;#EC6525&#8243; button_border_width=&#8220;2px&#8220; button_border_color=&#8220;#EC6525&#8243; button_border_radius=&#8220;0px&#8220; button_letter_spacing=&#8220;2px&#8220; button_font=&#8220;Khand|700|||||||&#8220; button_icon=&#8220;&#x35;||divi||400&#8243; button_on_hover=&#8220;off&#8220; custom_margin=&#8220;60px|||||&#8220; locked=&#8220;off&#8220; global_colors_info=&#8220;{}&#8220; button_text_color__hover_enabled=&#8220;on|hover&#8220; button_text_color__hover=&#8220;#e04d18&#8243; button_bg_color__hover_enabled=&#8220;on|hover&#8220; button_bg_color__hover=&#8220;RGBA(255,255,255,0)&#8220; button_bg_enable_color__hover=&#8220;on&#8220;][\/et_pb_button][\/et_pb_column][et_pb_column type=&#8220;1_2&#8243; _builder_version=&#8220;4.20.2&#8243; _module_preset=&#8220;default&#8220; global_colors_info=&#8220;{}&#8220;][et_pb_image src=&#8220;https:\/\/mendlogistics.eu\/wp-content\/uploads\/2024\/05\/pharma-transport.jpeg&#8220; title_text=&#8220;pharma-transport&#8220; force_fullwidth=&#8220;on&#8220; _builder_version=&#8220;4.25.1&#8243; _module_preset=&#8220;default&#8220; global_colors_info=&#8220;{}&#8220;][\/et_pb_image][\/et_pb_column][\/et_pb_row][\/et_pb_section][et_pb_section fb_built=&#8220;1&#8243; _builder_version=&#8220;4.20.2&#8243; _module_preset=&#8220;default&#8220; background_color=&#8220;#FAFAFA&#8220; locked=&#8220;off&#8220; global_colors_info=&#8220;{}&#8220;][et_pb_row column_structure=&#8220;1_2,1_2&#8243; use_custom_gutter=&#8220;on&#8220; gutter_width=&#8220;2&#8243; _builder_version=&#8220;4.25.1&#8243; _module_preset=&#8220;default&#8220; custom_padding=&#8220;||0px|||&#8220; locked=&#8220;off&#8220; global_colors_info=&#8220;{}&#8220;][et_pb_column type=&#8220;1_2&#8243; _builder_version=&#8220;4.20.2&#8243; _module_preset=&#8220;default&#8220; global_colors_info=&#8220;{}&#8220;][et_pb_image src=&#8220;https:\/\/mendlogistics.eu\/wp-content\/uploads\/2024\/05\/pharma-transport-mend.jpg&#8220; title_text=&#8220;Lagerarbeiter in einem modernen Distributionslager.&#8220; _builder_version=&#8220;4.25.1&#8243; _module_preset=&#8220;default&#8220; global_colors_info=&#8220;{}&#8220;][\/et_pb_image][\/et_pb_column][et_pb_column type=&#8220;1_2&#8243; _builder_version=&#8220;4.20.2&#8243; _module_preset=&#8220;default&#8220; global_colors_info=&#8220;{}&#8220;][et_pb_text _builder_version=&#8220;4.27.4&#8243; _module_preset=&#8220;default&#8220; header_text_color=&#8220;#EC6525&#8243; header_2_font=&#8220;|800|||||||&#8220; header_2_text_color=&#8220;#EC6525&#8243; header_2_font_size=&#8220;32px&#8220; header_3_font=&#8220;|800|||||||&#8220; header_3_text_color=&#8220;#EC6525&#8243; header_3_font_size=&#8220;26px&#8220; header_3_line_height=&#8220;1.4em&#8220; custom_margin=&#8220;3px||10px||false|false&#8220; custom_margin_tablet=&#8220;0px||10px||false|false&#8220; custom_margin_phone=&#8220;0px||10px||false|false&#8220; custom_margin_last_edited=&#8220;on|tablet&#8220; locked=&#8220;off&#8220; global_colors_info=&#8220;{}&#8220;]<\/p>\n<h2>Konditionierter Transport: sorgf\u00e4ltiger Umgang mit Ihren Medikamenten<\/h2>\n<p>[\/et_pb_text][et_pb_text _builder_version=&#8220;4.27.2&#8243; _module_preset=&#8220;default&#8220; text_font=&#8220;||||||||&#8220; text_text_color=&#8220;#032B38&#8243; custom_margin=&#8220;||40px|||&#8220; locked=&#8220;off&#8220; global_colors_info=&#8220;{}&#8220;]<\/p>\n<p>Um Ihre Medikamente unter den besten Bedingungen zu transportieren, sind unsere Fahrzeuge mit fortschrittlichen K\u00fchlsystemen ausgestattet, die f\u00fcr Qualit\u00e4t sorgen. Als Pharmatransporteur halten wir Temperaturen von +2 bis +8 \u00b0C f\u00fcr gek\u00fchlte Produkte und +15 bis +25 \u00b0C f\u00fcr Raumtemperatur ein. Dar\u00fcber hinaus k\u00f6nnen wir bei Tiefk\u00fchlprodukten bis zu -18 \u00b0C einfrieren.  <\/p>\n<p>Mit Temperatursensoren im K\u00fchlraum \u00fcberwachen und kontrollieren wir die Bedingungen aus der Ferne und vor Ort. Bei der Lieferung k\u00f6nnen wir direkt Temperaturquittungen als Nachweis f\u00fcr die Einhaltung der Richtlinien ausdrucken. <\/p>\n<p>[\/et_pb_text][et_pb_text _builder_version=&#8220;4.25.1&#8243; _module_preset=&#8220;default&#8220; header_text_color=&#8220;#EC6525&#8243; header_2_font=&#8220;|700|||||||&#8220; header_2_text_color=&#8220;#EC6525&#8243; header_2_font_size=&#8220;32px&#8220; header_3_font=&#8220;|800|||||||&#8220; header_3_text_color=&#8220;#EC6525&#8243; header_3_font_size=&#8220;26px&#8220; header_3_line_height=&#8220;1.4em&#8220; custom_margin=&#8220;3px||10px||false|false&#8220; custom_margin_tablet=&#8220;0px||10px||false|false&#8220; custom_margin_phone=&#8220;0px||10px||false|false&#8220; custom_margin_last_edited=&#8220;on|tablet&#8220; locked=&#8220;off&#8220; global_colors_info=&#8220;{}&#8220;]<\/p>\n<h3>BIP-Leitlinien<\/h3>\n<p>[\/et_pb_text][et_pb_text _builder_version=&#8220;4.27.2&#8243; _module_preset=&#8220;default&#8220; text_font=&#8220;||||||||&#8220; text_text_color=&#8220;#032B38&#8243; custom_margin=&#8220;||40px|||&#8220; locked=&#8220;off&#8220; global_colors_info=&#8220;{}&#8220;]<\/p>\n<p>Um die Qualit\u00e4t des Transports von Arzneimitteln zu gew\u00e4hrleisten, wurden spezielle Richtlinien f\u00fcr die Lagerung und den Transport von Arzneimitteln und pharmazeutischen Produkten ausgearbeitet, die sogenannten<strong> GDP-Richtlinien<\/strong>. <br \/>GDP ist ein europ\u00e4ischer Standard f\u00fcr die Logistik von Arzneimitteln. Als Inhaber eines GDP-Zertifikats garantieren wir die strikte Einhaltung dieser Vorschriften, einschlie\u00dflich eines sorgf\u00e4ltigen Temperaturmanagements w\u00e4hrend des Transports. Unsere Fahrzeuge erf\u00fcllen alle gesetzlichen Anforderungen f\u00fcr den Umgang mit Arzneimitteln.  <\/p>\n<p>[\/et_pb_text][\/et_pb_column][\/et_pb_row][\/et_pb_section][et_pb_section fb_built=&#8220;1&#8243; _builder_version=&#8220;4.20.2&#8243; _module_preset=&#8220;default&#8220; custom_padding=&#8220;0px||0px||false|false&#8220; global_colors_info=&#8220;{}&#8220;][et_pb_row column_structure=&#8220;3_5,2_5&#8243; use_custom_gutter=&#8220;on&#8220; gutter_width=&#8220;2&#8243; custom_padding_last_edited=&#8220;on|tablet&#8220; _builder_version=&#8220;4.25.1&#8243; _module_preset=&#8220;default&#8220; custom_margin=&#8220;50px||50px||true|false&#8220; custom_padding_tablet=&#8220;0px||||false|false&#8220; custom_padding_phone=&#8220;||0px||false|false&#8220; global_colors_info=&#8220;{}&#8220;][et_pb_column type=&#8220;3_5&#8243; _builder_version=&#8220;4.20.2&#8243; _module_preset=&#8220;default&#8220; global_colors_info=&#8220;{}&#8220;][et_pb_text _builder_version=&#8220;4.27.4&#8243; _module_preset=&#8220;default&#8220; header_text_color=&#8220;#EC6525&#8243; header_2_font=&#8220;|800|||||||&#8220; header_2_text_color=&#8220;#EC6525&#8243; header_2_font_size=&#8220;32px&#8220; header_3_font=&#8220;|800|||||||&#8220; header_3_text_color=&#8220;#EC6525&#8243; header_3_font_size=&#8220;26px&#8220; header_3_line_height=&#8220;1.4em&#8220; custom_margin=&#8220;3px||10px||false|false&#8220; custom_margin_tablet=&#8220;0px||10px||false|false&#8220; custom_margin_phone=&#8220;0px||10px||false|false&#8220; custom_margin_last_edited=&#8220;on|tablet&#8220; locked=&#8220;off&#8220; global_colors_info=&#8220;{}&#8220;]<\/p>\n<h2>Medikamententransport &#8211; 24\/7 verf\u00fcgbar<\/h2>\n<p>[\/et_pb_text][et_pb_text _builder_version=&#8220;4.27.2&#8243; _module_preset=&#8220;default&#8220; text_font=&#8220;||||||||&#8220; text_text_color=&#8220;#032B38&#8243; custom_margin=&#8220;||40px|||&#8220; locked=&#8220;off&#8220; global_colors_info=&#8220;{}&#8220;]<\/p>\n<p>Bei M&amp;D Logistics sind wir immer f\u00fcr Sie da, <strong>24 Stunden am Tag, 7 Tage die Woche<\/strong>. <br \/>Auch au\u00dferhalb der regul\u00e4ren B\u00fcrozeiten sind wir bestrebt, unseren Kunden den besten Service zu bieten.<\/p>\n<p>Als engagierter und zuverl\u00e4ssiger Partner bieten wir nicht nur den Transport von Medikamenten, sondern auch eine pers\u00f6nliche Betreuung, der Sie vertrauen k\u00f6nnen. Das bedeutet, dass wir mit engagierten, niederl\u00e4ndischsprachigen Fahrern arbeiten, die gut geschult sind und \u00fcber die entsprechenden Zertifikate verf\u00fcgen. So k\u00f6nnen wir h\u00f6chste Qualit\u00e4t liefern und alle Richtlinien einhalten.  <\/p>\n<p>Bei M&amp;D Logistics k\u00f6nnen Sie sich auf einen hochwertigen Service und einen sicheren Transport von Medikamenten und anderen pharmazeutischen G\u00fctern verlassen.<\/p>\n<p>[\/et_pb_text][et_pb_button button_url=&#8220;https:\/\/mendlogistics.eu\/de\/kontakt\/&#8220; button_text=&#8220;Kontakt aufnehmen&#8220; _builder_version=&#8220;4.25.1&#8243; _module_preset=&#8220;default&#8220; custom_button=&#8220;on&#8220; button_text_color=&#8220;#FFFFFF&#8220; button_bg_color=&#8220;#EC6525&#8243; button_border_width=&#8220;2px&#8220; button_border_color=&#8220;#EC6525&#8243; button_border_radius=&#8220;0px&#8220; button_letter_spacing=&#8220;2px&#8220; button_font=&#8220;Khand|700|||||||&#8220; button_icon=&#8220;&#x35;||divi||400&#8243; button_on_hover=&#8220;off&#8220; custom_margin=&#8220;60px|||||&#8220; locked=&#8220;off&#8220; global_colors_info=&#8220;{}&#8220; button_text_color__hover_enabled=&#8220;on|hover&#8220; button_text_color__hover=&#8220;#e04d18&#8243; button_bg_color__hover_enabled=&#8220;on|hover&#8220; button_bg_color__hover=&#8220;RGBA(255,255,255,0)&#8220; button_bg_enable_color__hover=&#8220;on&#8220;][\/et_pb_button][\/et_pb_column][et_pb_column type=&#8220;2_5&#8243; _builder_version=&#8220;4.20.2&#8243; _module_preset=&#8220;default&#8220; global_colors_info=&#8220;{}&#8220;][\/et_pb_column][\/et_pb_row][\/et_pb_section][et_pb_section fb_built=&#8220;1&#8243; _builder_version=&#8220;4.20.2&#8243; _module_preset=&#8220;default&#8220; background_color=&#8220;#FAFAFA&#8220; locked=&#8220;off&#8220; global_colors_info=&#8220;{}&#8220;][et_pb_row use_custom_gutter=&#8220;on&#8220; gutter_width=&#8220;2&#8243; _builder_version=&#8220;4.25.1&#8243; _module_preset=&#8220;default&#8220; custom_padding=&#8220;||0px|||&#8220; locked=&#8220;off&#8220; global_colors_info=&#8220;{}&#8220;][et_pb_column type=&#8220;4_4&#8243; _builder_version=&#8220;4.20.2&#8243; _module_preset=&#8220;default&#8220; global_colors_info=&#8220;{}&#8220;][et_pb_text _builder_version=&#8220;4.27.4&#8243; _module_preset=&#8220;default&#8220; header_text_color=&#8220;#EC6525&#8243; header_2_font=&#8220;|700|||||||&#8220; header_2_text_color=&#8220;#EC6525&#8243; header_2_font_size=&#8220;32px&#8220; header_3_font=&#8220;|800|||||||&#8220; header_3_text_color=&#8220;#EC6525&#8243; header_3_font_size=&#8220;26px&#8220; header_3_line_height=&#8220;1.4em&#8220; custom_margin=&#8220;3px||10px||false|false&#8220; custom_margin_tablet=&#8220;0px||10px||false|false&#8220; custom_margin_phone=&#8220;0px||10px||false|false&#8220; custom_margin_last_edited=&#8220;on|tablet&#8220; locked=&#8220;off&#8220; global_colors_info=&#8220;{}&#8220;]<\/p>\n<h2>H\u00e4ufig gestellte Fragen<\/h2>\n<p>[\/et_pb_text][dipi_faq faq_categories=&#8220;35&#8243; faq_order_by=&#8220;menu_order&#8220; icon_open_color=&#8220;#EC6525&#8243; icon_closed_color=&#8220;#EC6525&#8243; icon_open_font_size=&#8220;25px&#8220; icon_closed_font_size=&#8220;25px&#8220; entry_background_closed=&#8220;#FFFFFF&#8220; _builder_version=&#8220;4.27.4&#8243; _module_preset=&#8220;default&#8220; title_closed_font=&#8220;|700|||||||&#8220; custom_margin=&#8220;50px|||||&#8220; border_color_all_entries_closed=&#8220;RGBA(255,255,255,0)&#8220; border_color_all_entries_open=&#8220;RGBA(255,255,255,0)&#8220; box_shadow_style_entries_closed=&#8220;preset3&#8243; box_shadow_color_entries_closed=&#8220;rgba(0,0,0,0.1)&#8220; global_colors_info=&#8220;{}&#8220;][\/dipi_faq][\/et_pb_column][\/et_pb_row][\/et_pb_section]<\/p>\n","protected":false},"excerpt":{"rendered":"<p>Pharma Logistik Wir transportieren Ihre Medikamente schnell, zuverl\u00e4ssig und sicher.<div class=\"et_pb_module dipi_breadcrumbs dipi_breadcrumbs_0\">\n\t\t\t\t\n\t\t\t\t\n\t\t\t\t\n\t\t\t\t\n\t\t\t\t\n\t\t\t\t\n\t\t\t\t<div class=\"et_pb_module_inner\">\n\t\t\t\t\t<div class=\"dipi-breadcrumbs dipi-bc-center\">\n                <ul >\n                    \n                                                        <li  class=\"dipi-breadcrumb-item dipi-breadcrumb-home\">\n\n                                                    <a  href=\"https:\/\/mendlogistics.eu\/de\/\">\n                                <span  content=\"Home\">\n                                                                        M&amp;D logistics                                <\/span>\n                            <\/a>\n\n                                                <meta itemprop=\"position\" content=\"1\"\/>                    <\/li>\n\n                    <li class=\"dipi-breadcrumb-separator\">\n                    <span class=\"et-pb-icon dipi-separator-icon\">&#x39;<\/span>\n                <\/li>                            \n                <\/ul>\n            <\/div>\n\t\t\t\t<\/div>\n\t\t\t<\/div>Der Partner f\u00fcr schnelle und zuverl\u00e4ssige MedikamententransporteDer Transport von Arzneimitteln erfordert einen besonderen Ansatz sowie hohe Standards, um Qualit\u00e4t und Sicherheit zu gew\u00e4hrleisten. Wir von M&amp;D Logistics sind auf den Transport von Medikamenten und [&hellip;]<\/p>\n","protected":false},"author":1,"featured_media":0,"parent":257980,"menu_order":0,"comment_status":"closed","ping_status":"closed","template":"","meta":{"_et_pb_use_builder":"on","_et_pb_old_content":"","_et_gb_content_width":"","footnotes":""},"dipi_cpt_category":[],"class_list":["post-258164","page","type-page","status-publish","hentry"],"_links":{"self":[{"href":"https:\/\/mendlogistics.eu\/de\/wp-json\/wp\/v2\/pages\/258164","targetHints":{"allow":["GET"]}}],"collection":[{"href":"https:\/\/mendlogistics.eu\/de\/wp-json\/wp\/v2\/pages"}],"about":[{"href":"https:\/\/mendlogistics.eu\/de\/wp-json\/wp\/v2\/types\/page"}],"author":[{"embeddable":true,"href":"https:\/\/mendlogistics.eu\/de\/wp-json\/wp\/v2\/users\/1"}],"replies":[{"embeddable":true,"href":"https:\/\/mendlogistics.eu\/de\/wp-json\/wp\/v2\/comments?post=258164"}],"version-history":[{"count":16,"href":"https:\/\/mendlogistics.eu\/de\/wp-json\/wp\/v2\/pages\/258164\/revisions"}],"predecessor-version":[{"id":258388,"href":"https:\/\/mendlogistics.eu\/de\/wp-json\/wp\/v2\/pages\/258164\/revisions\/258388"}],"up":[{"embeddable":true,"href":"https:\/\/mendlogistics.eu\/de\/wp-json\/wp\/v2\/pages\/257980"}],"wp:attachment":[{"href":"https:\/\/mendlogistics.eu\/de\/wp-json\/wp\/v2\/media?parent=258164"}],"wp:term":[{"taxonomy":"dipi_cpt_category","embeddable":true,"href":"https:\/\/mendlogistics.eu\/de\/wp-json\/wp\/v2\/dipi_cpt_category?post=258164"}],"curies":[{"name":"wp","href":"https:\/\/api.w.org\/{rel}","templated":true}]}}