{"id":258159,"date":"2024-05-27T14:21:29","date_gmt":"2024-05-27T14:21:29","guid":{"rendered":"https:\/\/mendlogistics.eu\/dienstleistungen\/transportieren\/"},"modified":"2025-03-11T11:07:47","modified_gmt":"2025-03-11T11:07:47","slug":"transportieren","status":"publish","type":"page","link":"https:\/\/mendlogistics.eu\/de\/dienstleistungen\/transportieren\/","title":{"rendered":"Transport"},"content":{"rendered":"<p>[et_pb_section fb_built=&#8220;1&#8243; _builder_version=&#8220;4.20.2&#8243; _module_preset=&#8220;default&#8220; custom_padding=&#8220;0px||0px||true|false&#8220; locked=&#8220;off&#8220; global_colors_info=&#8220;{}&#8220;][et_pb_row use_custom_gutter=&#8220;on&#8220; gutter_width=&#8220;4&#8243; custom_padding_last_edited=&#8220;on|phone&#8220; _builder_version=&#8220;4.25.1&#8243; _module_preset=&#8220;default&#8220; use_background_color_gradient=&#8220;on&#8220; background_color_gradient_stops=&#8220;rgba(3,43,56,0.5) 0%|rgba(3,43,56,0.74) 100%&#8220; background_color_gradient_overlays_image=&#8220;on&#8220; background_image=&#8220;https:\/\/mendlogistics.eu\/wp-content\/uploads\/2024\/05\/mendtransport-belfeld.jpg&#8220; width=&#8220;95%&#8220; max_width=&#8220;95%&#8220; custom_padding=&#8220;90px|50px|80px|50px|false|true&#8220; custom_padding_tablet=&#8220;50px|50px|500px|50px|false|true&#8220; custom_padding_phone=&#8220;20px|20px|200px|20px|false|true&#8220; background_last_edited=&#8220;on|tablet&#8220; background_position_tablet=&#8220;top_center&#8220; global_colors_info=&#8220;{}&#8220;][et_pb_column type=&#8220;4_4&#8243; _builder_version=&#8220;4.25.1&#8243; _module_preset=&#8220;default&#8220; custom_padding_tablet=&#8220;30px|30px|30px|30px|true|true&#8220; custom_padding_phone=&#8220;20px|||20px|false|false&#8220; custom_padding_last_edited=&#8220;on|tablet&#8220; background_color_tablet=&#8220;#FFFFFF&#8220; background_color_phone=&#8220;#FFFFFF&#8220; background_last_edited=&#8220;on|tablet&#8220; background_enable_color_tablet=&#8220;on&#8220; background_enable_color_phone=&#8220;on&#8220; global_colors_info=&#8220;{}&#8220;][et_pb_text _builder_version=&#8220;4.27.0&#8243; _module_preset=&#8220;default&#8220; text_text_color=&#8220;#ffffff&#8220; header_font=&#8220;Khand|&#8211;et_global_heading_font_weight|||||||&#8220; header_text_align=&#8220;center&#8220; header_text_color=&#8220;#FFFFFF&#8220; header_font_size=&#8220;100px&#8220; text_orientation=&#8220;center&#8220; custom_margin=&#8220;222px||10px||false|false&#8220; custom_margin_tablet=&#8220;||0px||false|false&#8220; custom_margin_phone=&#8220;||0px||false|false&#8220; custom_margin_last_edited=&#8220;on|tablet&#8220; header_font_size_tablet=&#8220;60px&#8220; header_font_size_phone=&#8220;60px&#8220; header_font_size_last_edited=&#8220;on|tablet&#8220; global_colors_info=&#8220;{}&#8220;]<\/p>\n<h1><strong>Transport  <\/strong><\/h1>\n<p>Ihr Spezialist f\u00fcr Transport!<\/p>\n<p>[\/et_pb_text][\/et_pb_column][\/et_pb_row][\/et_pb_section][et_pb_section fb_built=&#8220;1&#8243; _builder_version=&#8220;4.20.2&#8243; _module_preset=&#8220;default&#8220; custom_padding=&#8220;0px||0px||false|false&#8220; locked=&#8220;off&#8220; global_colors_info=&#8220;{}&#8220;][et_pb_row _builder_version=&#8220;4.20.2&#8243; _module_preset=&#8220;default&#8220; custom_padding=&#8220;18px||18px||true|&#8220; global_colors_info=&#8220;{}&#8220;][et_pb_column type=&#8220;4_4&#8243; _builder_version=&#8220;4.20.2&#8243; _module_preset=&#8220;default&#8220; global_colors_info=&#8220;{}&#8220;][dipi_breadcrumbs bc_home_icon=&#8220;off&#8220; bc_separator_icon=&#8220;&#x39;||divi||400&#8243; bc_items_alignment=&#8220;dipi-bc-center&#8220; bc_separator_color=&#8220;#BBC1C3&#8243; _builder_version=&#8220;4.20.2&#8243; _module_preset=&#8220;default&#8220; items_font=&#8220;Inter Tight||||||||&#8220; items_text_color=&#8220;#BBC1C3&#8243; active_text_color=&#8220;#FE461D&#8220; module_alignment=&#8220;center&#8220; global_colors_info=&#8220;{}&#8220;][\/dipi_breadcrumbs][\/et_pb_column][\/et_pb_row][\/et_pb_section][et_pb_section fb_built=&#8220;1&#8243; _builder_version=&#8220;4.20.2&#8243; _module_preset=&#8220;default&#8220; custom_padding=&#8220;0px||0px||false|false&#8220; locked=&#8220;off&#8220; global_colors_info=&#8220;{}&#8220;][et_pb_row column_structure=&#8220;1_2,1_2&#8243; use_custom_gutter=&#8220;on&#8220; gutter_width=&#8220;2&#8243; custom_padding_last_edited=&#8220;on|tablet&#8220; _builder_version=&#8220;4.20.2&#8243; _module_preset=&#8220;default&#8220; custom_margin=&#8220;50px||50px||true|false&#8220; custom_padding_tablet=&#8220;0px||||false|false&#8220; custom_padding_phone=&#8220;||0px||false|false&#8220; global_colors_info=&#8220;{}&#8220;][et_pb_column type=&#8220;1_2&#8243; _builder_version=&#8220;4.20.2&#8243; _module_preset=&#8220;default&#8220; global_colors_info=&#8220;{}&#8220;][et_pb_text _builder_version=&#8220;4.27.0&#8243; _module_preset=&#8220;default&#8220; header_3_font=&#8220;|800|||||||&#8220; header_3_text_color=&#8220;#EC6525&#8243; header_3_font_size=&#8220;26px&#8220; header_3_line_height=&#8220;1.4em&#8220; custom_margin=&#8220;3px||10px||false|false&#8220; custom_margin_tablet=&#8220;0px||10px||false|false&#8220; custom_margin_phone=&#8220;0px||10px||false|false&#8220; custom_margin_last_edited=&#8220;on|tablet&#8220; locked=&#8220;off&#8220; global_colors_info=&#8220;{}&#8220;]<\/p>\n<h3>Transport<\/h3>\n<p>[\/et_pb_text][et_pb_text _builder_version=&#8220;4.27.0&#8243; _module_preset=&#8220;default&#8220; text_font=&#8220;||||||||&#8220; text_text_color=&#8220;#032B38&#8243; custom_margin=&#8220;||40px|||&#8220; locked=&#8220;off&#8220; global_colors_info=&#8220;{}&#8220;]Sind Sie auf der Suche nach einem zuverl\u00e4ssigen und erfahrenen Partner f\u00fcr den Transport Ihrer Fracht innerhalb Europas? Dann sind Sie bei M&amp;D Logistics an der richtigen Adresse. Mit mehr als 50 Jahren Erfahrung in der Transportbranche haben wir uns zu einem f\u00fchrenden Unternehmen in der Logistikwelt entwickelt. Unser Fachwissen erstreckt sich \u00fcber den gesamten europ\u00e4ischen Markt, so dass wir genau wissen, wie wir Ihre Waren effizient, sicher und kosteng\u00fcnstig transportieren k\u00f6nnen.   <\/p>\n<p>Ob es sich um kleinere Teillieferungen oder gr\u00f6\u00dfere Sendungen handelt, wir bieten Ihnen eine ma\u00dfgeschneiderte L\u00f6sung f\u00fcr alle Ihre Transportbed\u00fcrfnisse. Entscheiden Sie sich f\u00fcr M&amp;D Logistics als Ihren zuverl\u00e4ssigen Transportpartner und profitieren Sie von unserer langj\u00e4hrigen Erfahrung und unserem kundenorientierten Ansatz.[\/et_pb_text][et_pb_blurb title=&#8220;Schnelle und zuverl\u00e4ssige Laufzeiten&#8220; use_icon=&#8220;on&#8220; font_icon=&#8220;&#xf00c;||fa||900&#8243; icon_color=&#8220;#FFFFFF&#8220; image_icon_background_color=&#8220;#EC6525&#8243; icon_placement=&#8220;left&#8220; image_icon_width=&#8220;10px&#8220; _builder_version=&#8220;4.25.1&#8243; _module_preset=&#8220;default&#8220; header_text_align=&#8220;left&#8220; header_text_color=&#8220;#032B38&#8243; header_font_size=&#8220;16px&#8220; image_icon_custom_padding=&#8220;7px|7px|7px|7px|true|true&#8220; module_alignment=&#8220;left&#8220; custom_margin=&#8220;||6px|||&#8220; custom_css_blurb_title=&#8220;margin-top:4px;||margin-left:-10px;&#8220; locked=&#8220;off&#8220; global_colors_info=&#8220;{}&#8220;][\/et_pb_blurb][et_pb_blurb title=&#8220;Angebot innerhalb von 1 Stunde  &#8220; use_icon=&#8220;on&#8220; font_icon=&#8220;&#xf00c;||fa||900&#8243; icon_color=&#8220;#FFFFFF&#8220; image_icon_background_color=&#8220;#EC6525&#8243; icon_placement=&#8220;left&#8220; image_icon_width=&#8220;10px&#8220; _builder_version=&#8220;4.25.1&#8243; _module_preset=&#8220;default&#8220; header_text_align=&#8220;left&#8220; header_text_color=&#8220;#032B38&#8243; header_font_size=&#8220;16px&#8220; image_icon_custom_padding=&#8220;7px|7px|7px|7px|true|true&#8220; module_alignment=&#8220;left&#8220; custom_margin=&#8220;||6px|||&#8220; custom_css_blurb_title=&#8220;margin-top:4px;||margin-left:-10px;&#8220; locked=&#8220;off&#8220; global_colors_info=&#8220;{}&#8220;][\/et_pb_blurb][et_pb_blurb title=&#8220;Klare und transparente Vereinbarungen&#8220; use_icon=&#8220;on&#8220; font_icon=&#8220;&#xf00c;||fa||900&#8243; icon_color=&#8220;#FFFFFF&#8220; image_icon_background_color=&#8220;#EC6525&#8243; icon_placement=&#8220;left&#8220; image_icon_width=&#8220;10px&#8220; _builder_version=&#8220;4.25.1&#8243; _module_preset=&#8220;default&#8220; header_text_align=&#8220;left&#8220; header_text_color=&#8220;#032B38&#8243; header_font_size=&#8220;16px&#8220; image_icon_custom_padding=&#8220;7px|7px|7px|7px|true|true&#8220; module_alignment=&#8220;left&#8220; custom_margin=&#8220;||6px|||&#8220; custom_css_blurb_title=&#8220;margin-top:4px;||margin-left:-10px;&#8220; locked=&#8220;off&#8220; global_colors_info=&#8220;{}&#8220;][\/et_pb_blurb][et_pb_blurb title=&#8220;Immer ein fester Kontaktpunkt  &#8220; use_icon=&#8220;on&#8220; font_icon=&#8220;&#xf00c;||fa||900&#8243; icon_color=&#8220;#FFFFFF&#8220; image_icon_background_color=&#8220;#EC6525&#8243; icon_placement=&#8220;left&#8220; image_icon_width=&#8220;10px&#8220; _builder_version=&#8220;4.25.1&#8243; _module_preset=&#8220;default&#8220; header_text_align=&#8220;left&#8220; header_text_color=&#8220;#032B38&#8243; header_font_size=&#8220;16px&#8220; image_icon_custom_padding=&#8220;7px|7px|7px|7px|true|true&#8220; module_alignment=&#8220;left&#8220; custom_margin=&#8220;||6px|||&#8220; custom_css_blurb_title=&#8220;margin-top:4px;||margin-left:-10px;&#8220; locked=&#8220;off&#8220; global_colors_info=&#8220;{}&#8220;][\/et_pb_blurb][et_pb_blurb title=&#8220;Zuverl\u00e4ssig und pr\u00e4zise  &#8220; use_icon=&#8220;on&#8220; font_icon=&#8220;&#xf00c;||fa||900&#8243; icon_color=&#8220;#FFFFFF&#8220; image_icon_background_color=&#8220;#EC6525&#8243; icon_placement=&#8220;left&#8220; image_icon_width=&#8220;10px&#8220; _builder_version=&#8220;4.25.1&#8243; _module_preset=&#8220;default&#8220; header_text_align=&#8220;left&#8220; header_text_color=&#8220;#032B38&#8243; header_font_size=&#8220;16px&#8220; image_icon_custom_padding=&#8220;7px|7px|7px|7px|true|true&#8220; module_alignment=&#8220;left&#8220; custom_margin=&#8220;||6px|||&#8220; custom_css_blurb_title=&#8220;margin-top:4px;||margin-left:-10px;&#8220; locked=&#8220;off&#8220; global_colors_info=&#8220;{}&#8220;][\/et_pb_blurb][et_pb_button button_url=&#8220;https:\/\/mendlogistics.eu\/de\/kontakt\/&#8220; button_text=&#8220;Planen Sie einen Transport&#8220; _builder_version=&#8220;4.25.1&#8243; _module_preset=&#8220;default&#8220; custom_button=&#8220;on&#8220; button_text_color=&#8220;#FFFFFF&#8220; button_bg_color=&#8220;#EC6525&#8243; button_border_width=&#8220;2px&#8220; button_border_color=&#8220;#EC6525&#8243; button_border_radius=&#8220;0px&#8220; button_letter_spacing=&#8220;2px&#8220; button_font=&#8220;Khand|700|||||||&#8220; button_icon=&#8220;&#x35;||divi||400&#8243; button_on_hover=&#8220;off&#8220; custom_margin=&#8220;60px|||||&#8220; locked=&#8220;off&#8220; global_colors_info=&#8220;{}&#8220; button_text_color__hover_enabled=&#8220;on|hover&#8220; button_text_color__hover=&#8220;#e04d18&#8243; button_bg_color__hover_enabled=&#8220;on|hover&#8220; button_bg_color__hover=&#8220;RGBA(255,255,255,0)&#8220; button_bg_enable_color__hover=&#8220;on&#8220;][\/et_pb_button][\/et_pb_column][et_pb_column type=&#8220;1_2&#8243; _builder_version=&#8220;4.20.2&#8243; _module_preset=&#8220;default&#8220; global_colors_info=&#8220;{}&#8220;][et_pb_image src=&#8220;https:\/\/mendlogistics.eu\/wp-content\/uploads\/2024\/10\/vrachtwagen-laden-mendtransport.webp&#8220; title_text=&#8220;Lkw-Ladung-Mann-Transport&#8220; force_fullwidth=&#8220;on&#8220; _builder_version=&#8220;4.27.0&#8243; _module_preset=&#8220;default&#8220; global_colors_info=&#8220;{}&#8220;][\/et_pb_image][\/et_pb_column][\/et_pb_row][\/et_pb_section][et_pb_section fb_built=&#8220;1&#8243; _builder_version=&#8220;4.20.2&#8243; _module_preset=&#8220;default&#8220; background_color=&#8220;#FAFAFA&#8220; locked=&#8220;off&#8220; global_colors_info=&#8220;{}&#8220;][et_pb_row column_structure=&#8220;1_2,1_2&#8243; use_custom_gutter=&#8220;on&#8220; gutter_width=&#8220;2&#8243; _builder_version=&#8220;4.25.1&#8243; _module_preset=&#8220;default&#8220; custom_padding=&#8220;||0px|||&#8220; locked=&#8220;off&#8220; global_colors_info=&#8220;{}&#8220;][et_pb_column type=&#8220;1_2&#8243; _builder_version=&#8220;4.20.2&#8243; _module_preset=&#8220;default&#8220; global_colors_info=&#8220;{}&#8220;][et_pb_image src=&#8220;https:\/\/mendlogistics.eu\/wp-content\/uploads\/2024\/05\/successful-workers-managers-engineers-in-hard-ha-2024-04-16-23-55-59-utc.webp&#8220; title_text=&#8220;successful-workers-managers-engineers-in-hard-ha-2024-04-16-23-55-59-utc&#8220; _builder_version=&#8220;4.25.1&#8243; _module_preset=&#8220;default&#8220; global_colors_info=&#8220;{}&#8220;][\/et_pb_image][\/et_pb_column][et_pb_column type=&#8220;1_2&#8243; _builder_version=&#8220;4.20.2&#8243; _module_preset=&#8220;default&#8220; global_colors_info=&#8220;{}&#8220;][et_pb_text _builder_version=&#8220;4.27.0&#8243; _module_preset=&#8220;default&#8220; header_2_font=&#8220;|700|||||||&#8220; header_3_font=&#8220;|800|||||||&#8220; header_3_text_color=&#8220;#000000&#8243; header_3_font_size=&#8220;26px&#8220; header_3_line_height=&#8220;1.4em&#8220; custom_margin=&#8220;3px||10px||false|false&#8220; custom_margin_tablet=&#8220;0px||10px||false|false&#8220; custom_margin_phone=&#8220;0px||10px||false|false&#8220; custom_margin_last_edited=&#8220;on|tablet&#8220; locked=&#8220;off&#8220; global_colors_info=&#8220;{}&#8220;]<\/p>\n<h2>Sicherer und zuverl\u00e4ssiger Transport<\/h2>\n<p>[\/et_pb_text][et_pb_text _builder_version=&#8220;4.27.0&#8243; _module_preset=&#8220;default&#8220; text_font=&#8220;||||||||&#8220; text_text_color=&#8220;#032B38&#8243; custom_margin=&#8220;||40px|||&#8220; locked=&#8220;off&#8220; global_colors_info=&#8220;{}&#8220;]<\/p>\n<p>Neben unserem Fachwissen im Bereich des Sammelgut- und St\u00fcckguttransports ist M&amp;D Logistics auch auf den Transport von Gefahrg\u00fctern gem\u00e4\u00df den ADR-Vorschriften spezialisiert. Der Transport von Gefahrgut erfordert besondere Kenntnisse, Erfahrung und die Einhaltung strenger Sicherheitsstandards. Wir bei M&amp;D Logistics wissen, wie wichtig es ist, diese G\u00fcter sicher und vorschriftsm\u00e4\u00dfig zu transportieren, um sowohl Ihre Fracht als auch die Umwelt zu sch\u00fctzen.  <\/p>\n<p>Unsere Fahrer sind f\u00fcr den Transport von ADR-G\u00fctern umfassend geschult und zertifiziert. Sie verf\u00fcgen \u00fcber umfassende Kenntnisse der Vorschriften f\u00fcr verschiedene Arten von Gefahrgut, wie z.B. entz\u00fcndliche, explosive, \u00e4tzende und giftige Stoffe. Dar\u00fcber hinaus sorgen wir daf\u00fcr, dass unsere Flotte mit den richtigen Einrichtungen und Sicherheitsausr\u00fcstungen ausgestattet ist, damit jeder Transport den geltenden Sicherheitsstandards und -vorschriften entspricht.  <\/p>\n<p>Sind Sie auf der Suche nach einem zuverl\u00e4ssigen Partner f\u00fcr den Transport Ihrer ADR-G\u00fcter? Bei M&amp;D Logistics k\u00f6nnen Sie sich auf Expertise, Sicherheit und eine effiziente Abwicklung Ihrer Gefahrg\u00fcter in ganz Europa verlassen. <\/p>\n<p>[\/et_pb_text][\/et_pb_column][\/et_pb_row][\/et_pb_section][et_pb_section fb_built=&#8220;1&#8243; _builder_version=&#8220;4.20.2&#8243; _module_preset=&#8220;default&#8220; custom_padding=&#8220;0px||0px||false|false&#8220; global_colors_info=&#8220;{}&#8220;][et_pb_row column_structure=&#8220;1_2,1_2&#8243; use_custom_gutter=&#8220;on&#8220; gutter_width=&#8220;2&#8243; custom_padding_last_edited=&#8220;on|tablet&#8220; _builder_version=&#8220;4.25.1&#8243; _module_preset=&#8220;default&#8220; custom_margin=&#8220;50px||50px||true|false&#8220; custom_padding_tablet=&#8220;0px||||false|false&#8220; custom_padding_phone=&#8220;||0px||false|false&#8220; global_colors_info=&#8220;{}&#8220;][et_pb_column type=&#8220;1_2&#8243; _builder_version=&#8220;4.20.2&#8243; _module_preset=&#8220;default&#8220; global_colors_info=&#8220;{}&#8220;][et_pb_text _builder_version=&#8220;4.25.1&#8243; _module_preset=&#8220;default&#8220; header_2_font=&#8220;|700|||||||&#8220; header_3_font=&#8220;|800|||||||&#8220; header_3_text_color=&#8220;#000000&#8243; header_3_font_size=&#8220;26px&#8220; header_3_line_height=&#8220;1.4em&#8220; custom_margin=&#8220;3px||10px||false|false&#8220; custom_margin_tablet=&#8220;0px||10px||false|false&#8220; custom_margin_phone=&#8220;0px||10px||false|false&#8220; custom_margin_last_edited=&#8220;on|tablet&#8220; locked=&#8220;off&#8220; global_colors_info=&#8220;{}&#8220;]<\/p>\n<h2>Unsere Arbeitsmethode<\/h2>\n<p>[\/et_pb_text][et_pb_text _builder_version=&#8220;4.25.1&#8243; _module_preset=&#8220;default&#8220; text_font=&#8220;||||||||&#8220; text_text_color=&#8220;#032B38&#8243; custom_margin=&#8220;||40px|||&#8220; locked=&#8220;off&#8220; global_colors_info=&#8220;{}&#8220;]<\/p>\n<p>Sammelgutverkehr ist ab 1 Palette m\u00f6glich. Sobald wir Ihre Anfrage erhalten, versuchen wir, innerhalb von 1 Stunde ein Angebot f\u00fcr Sie zu erstellen. Nach Vereinbarung holen wir die zu transportierenden Waren an unserem Standort ab. Sie haben die M\u00f6glichkeit, die Waren von uns abholen zu lassen oder sie selbst an unserem Standort in Venlo (Belfeld) anzuliefern. Hier haben wir ein Lager, in dem wir Ladungen lagern k\u00f6nnen.    <\/p>\n<p>Nachdem wir die Waren abgeholt haben, beginnen wir mit dem Transportprozess. Sobald die Waren am Zielort angeliefert werden, sorgen wir f\u00fcr eine reibungslose und effiziente Abwicklung. <\/p>\n<p>[\/et_pb_text][\/et_pb_column][et_pb_column type=&#8220;1_2&#8243; _builder_version=&#8220;4.20.2&#8243; _module_preset=&#8220;default&#8220; global_colors_info=&#8220;{}&#8220;][et_pb_text _builder_version=&#8220;4.25.1&#8243; _module_preset=&#8220;default&#8220; header_2_font=&#8220;|700|||||||&#8220; header_3_font=&#8220;|800|||||||&#8220; header_3_text_color=&#8220;#000000&#8243; header_3_font_size=&#8220;26px&#8220; header_3_line_height=&#8220;1.4em&#8220; custom_margin=&#8220;3px||10px||false|false&#8220; custom_margin_tablet=&#8220;0px||10px||false|false&#8220; custom_margin_phone=&#8220;0px||10px||false|false&#8220; custom_margin_last_edited=&#8220;on|tablet&#8220; locked=&#8220;off&#8220; global_colors_info=&#8220;{}&#8220;]<\/p>\n<h2>Angebot f\u00fcr Sammelgutverkehr anfordern<\/h2>\n<p>[\/et_pb_text][et_pb_text _builder_version=&#8220;4.25.1&#8243; _module_preset=&#8220;default&#8220; text_font=&#8220;||||||||&#8220; text_text_color=&#8220;#032B38&#8243; custom_margin=&#8220;||40px|||&#8220; locked=&#8220;off&#8220; global_colors_info=&#8220;{}&#8220;]<\/p>\n<p>W\u00e4hlen Sie M&amp;D Logistics als Ihren Partner f\u00fcr Transporte nach Spanien und profitieren Sie von unserem hervorragenden Service und unserer Expertise. Kontaktieren Sie uns noch heute f\u00fcr ein ma\u00dfgeschneidertes Angebot und finden Sie heraus, warum wir der Spezialist f\u00fcr Sammelgut-Transporte nach Spanien sind. <\/p>\n<p>[\/et_pb_text][et_pb_button button_url=&#8220;https:\/\/mendlogistics.eu\/de\/kontakt\/&#8220; button_text=&#8220;Kontakt aufnehmen&#8220; _builder_version=&#8220;4.25.1&#8243; _module_preset=&#8220;default&#8220; custom_button=&#8220;on&#8220; button_text_color=&#8220;#FFFFFF&#8220; button_bg_color=&#8220;#EC6525&#8243; button_border_width=&#8220;2px&#8220; button_border_color=&#8220;#EC6525&#8243; button_border_radius=&#8220;0px&#8220; button_letter_spacing=&#8220;2px&#8220; button_font=&#8220;Khand|700|||||||&#8220; button_icon=&#8220;&#x35;||divi||400&#8243; button_on_hover=&#8220;off&#8220; custom_margin=&#8220;60px|||||&#8220; locked=&#8220;off&#8220; global_colors_info=&#8220;{}&#8220; button_text_color__hover_enabled=&#8220;on|hover&#8220; button_text_color__hover=&#8220;#e04d18&#8243; button_bg_color__hover_enabled=&#8220;on|hover&#8220; button_bg_color__hover=&#8220;RGBA(255,255,255,0)&#8220; button_bg_enable_color__hover=&#8220;on&#8220;][\/et_pb_button][\/et_pb_column][\/et_pb_row][\/et_pb_section]<\/p>\n","protected":false},"excerpt":{"rendered":"<p>Transport Ihr Spezialist f\u00fcr Transport!<div class=\"et_pb_module dipi_breadcrumbs dipi_breadcrumbs_0\">\n\t\t\t\t\n\t\t\t\t\n\t\t\t\t\n\t\t\t\t\n\t\t\t\t\n\t\t\t\t\n\t\t\t\t<div class=\"et_pb_module_inner\">\n\t\t\t\t\t<div class=\"dipi-breadcrumbs dipi-bc-center\">\n                <ul >\n                    \n                                                        <li  class=\"dipi-breadcrumb-item dipi-breadcrumb-home\">\n\n                                                    <a  href=\"https:\/\/mendlogistics.eu\/de\/\">\n                                <span  content=\"Home\">\n                                                                        M&amp;D logistics                                <\/span>\n                            <\/a>\n\n                                                <meta itemprop=\"position\" content=\"1\"\/>                    <\/li>\n\n                    <li class=\"dipi-breadcrumb-separator\">\n                    <span class=\"et-pb-icon dipi-separator-icon\">&#x39;<\/span>\n                <\/li>                            \n                <\/ul>\n            <\/div>\n\t\t\t\t<\/div>\n\t\t\t<\/div>TransportSind Sie auf der Suche nach einem zuverl\u00e4ssigen und erfahrenen Partner f\u00fcr den Transport Ihrer Fracht innerhalb Europas? Dann sind Sie bei M&amp;D Logistics an der richtigen Adresse. Mit mehr als 50 Jahren Erfahrung in der Transportbranche haben wir [&hellip;]<\/p>\n","protected":false},"author":1,"featured_media":0,"parent":257980,"menu_order":3,"comment_status":"closed","ping_status":"closed","template":"","meta":{"_et_pb_use_builder":"on","_et_pb_old_content":"","_et_gb_content_width":"","footnotes":""},"dipi_cpt_category":[],"class_list":["post-258159","page","type-page","status-publish","hentry"],"_links":{"self":[{"href":"https:\/\/mendlogistics.eu\/de\/wp-json\/wp\/v2\/pages\/258159","targetHints":{"allow":["GET"]}}],"collection":[{"href":"https:\/\/mendlogistics.eu\/de\/wp-json\/wp\/v2\/pages"}],"about":[{"href":"https:\/\/mendlogistics.eu\/de\/wp-json\/wp\/v2\/types\/page"}],"author":[{"embeddable":true,"href":"https:\/\/mendlogistics.eu\/de\/wp-json\/wp\/v2\/users\/1"}],"replies":[{"embeddable":true,"href":"https:\/\/mendlogistics.eu\/de\/wp-json\/wp\/v2\/comments?post=258159"}],"version-history":[{"count":9,"href":"https:\/\/mendlogistics.eu\/de\/wp-json\/wp\/v2\/pages\/258159\/revisions"}],"predecessor-version":[{"id":258358,"href":"https:\/\/mendlogistics.eu\/de\/wp-json\/wp\/v2\/pages\/258159\/revisions\/258358"}],"up":[{"embeddable":true,"href":"https:\/\/mendlogistics.eu\/de\/wp-json\/wp\/v2\/pages\/257980"}],"wp:attachment":[{"href":"https:\/\/mendlogistics.eu\/de\/wp-json\/wp\/v2\/media?parent=258159"}],"wp:term":[{"taxonomy":"dipi_cpt_category","embeddable":true,"href":"https:\/\/mendlogistics.eu\/de\/wp-json\/wp\/v2\/dipi_cpt_category?post=258159"}],"curies":[{"name":"wp","href":"https:\/\/api.w.org\/{rel}","templated":true}]}}