{"id":258152,"date":"2024-05-28T08:08:55","date_gmt":"2024-05-28T08:08:55","guid":{"rendered":"https:\/\/mendlogistics.eu\/dienstleistungen\/see-und-luftfracht\/"},"modified":"2025-05-06T09:31:56","modified_gmt":"2025-05-06T09:31:56","slug":"see-und-luftfracht","status":"publish","type":"page","link":"https:\/\/mendlogistics.eu\/de\/dienstleistungen\/see-und-luftfracht\/","title":{"rendered":"See- und Luftfracht"},"content":{"rendered":"<p>[et_pb_section fb_built=&#8220;1&#8243; _builder_version=&#8220;4.20.2&#8243; _module_preset=&#8220;default&#8220; custom_padding=&#8220;0px||0px||true|false&#8220; locked=&#8220;off&#8220; global_colors_info=&#8220;{}&#8220;][et_pb_row use_custom_gutter=&#8220;on&#8220; gutter_width=&#8220;4&#8243; custom_padding_last_edited=&#8220;on|phone&#8220; _builder_version=&#8220;4.27.0&#8243; _module_preset=&#8220;default&#8220; use_background_color_gradient=&#8220;on&#8220; background_color_gradient_stops=&#8220;rgba(3,43,56,0.5) 0%|rgba(3,43,56,0.74) 100%&#8220; background_color_gradient_overlays_image=&#8220;on&#8220; background_image=&#8220;https:\/\/mendlogistics.eu\/wp-content\/uploads\/2024\/10\/vliegenluchtvracht.webp&#8220; width=&#8220;95%&#8220; max_width=&#8220;95%&#8220; custom_padding=&#8220;90px|50px|80px|50px|false|true&#8220; custom_padding_tablet=&#8220;50px|50px|500px|50px|false|true&#8220; custom_padding_phone=&#8220;20px|20px|200px|20px|false|true&#8220; background_last_edited=&#8220;on|tablet&#8220; background_position_tablet=&#8220;top_center&#8220; global_colors_info=&#8220;{}&#8220;][et_pb_column type=&#8220;4_4&#8243; _builder_version=&#8220;4.25.1&#8243; _module_preset=&#8220;default&#8220; custom_padding_tablet=&#8220;30px|30px|30px|30px|true|true&#8220; custom_padding_phone=&#8220;20px|||20px|false|false&#8220; custom_padding_last_edited=&#8220;on|tablet&#8220; background_color_tablet=&#8220;#FFFFFF&#8220; background_color_phone=&#8220;#FFFFFF&#8220; background_last_edited=&#8220;on|tablet&#8220; background_enable_color_tablet=&#8220;on&#8220; background_enable_color_phone=&#8220;on&#8220; global_colors_info=&#8220;{}&#8220;][et_pb_text _builder_version=&#8220;4.27.4&#8243; _module_preset=&#8220;default&#8220; text_text_color=&#8220;#ffffff&#8220; header_font=&#8220;Khand|&#8211;et_global_heading_font_weight|||||||&#8220; header_text_align=&#8220;center&#8220; header_text_color=&#8220;#FFFFFF&#8220; header_font_size=&#8220;100px&#8220; background_color=&#8220;RGBA(255,255,255,0)&#8220; text_orientation=&#8220;center&#8220; custom_margin=&#8220;222px||10px||false|false&#8220; custom_margin_tablet=&#8220;||0px||false|false&#8220; custom_margin_phone=&#8220;0px||0px||false|false&#8220; custom_margin_last_edited=&#8220;on|tablet&#8220; header_font_size_tablet=&#8220;60px&#8220; header_font_size_phone=&#8220;60px&#8220; header_font_size_last_edited=&#8220;on|tablet&#8220; global_colors_info=&#8220;{}&#8220;]<\/p>\n<h1>See- und Luftfracht<\/h1>\n<p>Wir sind Ihr zuverl\u00e4ssiger Logistikpartner in der See- und Luftfracht<\/p>\n<p>[\/et_pb_text][\/et_pb_column][\/et_pb_row][\/et_pb_section][et_pb_section fb_built=&#8220;1&#8243; _builder_version=&#8220;4.20.2&#8243; _module_preset=&#8220;default&#8220; custom_padding=&#8220;0px||0px||false|false&#8220; locked=&#8220;off&#8220; global_colors_info=&#8220;{}&#8220;][et_pb_row _builder_version=&#8220;4.20.2&#8243; _module_preset=&#8220;default&#8220; custom_padding=&#8220;18px||18px||true|&#8220; global_colors_info=&#8220;{}&#8220;][et_pb_column type=&#8220;4_4&#8243; _builder_version=&#8220;4.20.2&#8243; _module_preset=&#8220;default&#8220; global_colors_info=&#8220;{}&#8220;][dipi_breadcrumbs bc_home_icon=&#8220;off&#8220; bc_separator_icon=&#8220;&#x39;||divi||400&#8243; bc_items_alignment=&#8220;dipi-bc-center&#8220; bc_separator_color=&#8220;#BBC1C3&#8243; _builder_version=&#8220;4.20.2&#8243; _module_preset=&#8220;default&#8220; items_font=&#8220;Inter Tight||||||||&#8220; items_text_color=&#8220;#BBC1C3&#8243; active_text_color=&#8220;#FE461D&#8220; module_alignment=&#8220;center&#8220; global_colors_info=&#8220;{}&#8220;][\/dipi_breadcrumbs][\/et_pb_column][\/et_pb_row][\/et_pb_section][et_pb_section fb_built=&#8220;1&#8243; _builder_version=&#8220;4.20.2&#8243; _module_preset=&#8220;default&#8220; custom_padding=&#8220;0px||0px||false|false&#8220; locked=&#8220;off&#8220; global_colors_info=&#8220;{}&#8220;][et_pb_row column_structure=&#8220;1_2,1_2&#8243; use_custom_gutter=&#8220;on&#8220; gutter_width=&#8220;2&#8243; custom_padding_last_edited=&#8220;on|tablet&#8220; _builder_version=&#8220;4.20.2&#8243; _module_preset=&#8220;default&#8220; custom_margin=&#8220;50px||50px||true|false&#8220; custom_padding_tablet=&#8220;0px||||false|false&#8220; custom_padding_phone=&#8220;||0px||false|false&#8220; global_colors_info=&#8220;{}&#8220;][et_pb_column type=&#8220;1_2&#8243; _builder_version=&#8220;4.20.2&#8243; _module_preset=&#8220;default&#8220; global_colors_info=&#8220;{}&#8220;][et_pb_text _builder_version=&#8220;4.25.1&#8243; _module_preset=&#8220;default&#8220; header_text_color=&#8220;#EC6525&#8243; header_2_font=&#8220;|700|||||||&#8220; header_2_text_color=&#8220;#EC6525&#8243; header_2_font_size=&#8220;32px&#8220; header_3_font=&#8220;|800|||||||&#8220; header_3_text_color=&#8220;#EC6525&#8243; header_3_font_size=&#8220;26px&#8220; header_3_line_height=&#8220;1.4em&#8220; custom_margin=&#8220;3px||10px||false|false&#8220; custom_margin_tablet=&#8220;0px||10px||false|false&#8220; custom_margin_phone=&#8220;0px||10px||false|false&#8220; custom_margin_last_edited=&#8220;on|tablet&#8220; locked=&#8220;off&#8220; global_colors_info=&#8220;{}&#8220;]<\/p>\n<h3>Komplette Logistikl\u00f6sungen<\/h3>\n<p>[\/et_pb_text][et_pb_text _builder_version=&#8220;4.25.1&#8243; _module_preset=&#8220;default&#8220; text_font=&#8220;||||||||&#8220; text_text_color=&#8220;#032B38&#8243; custom_margin=&#8220;||40px|||&#8220; locked=&#8220;off&#8220; global_colors_info=&#8220;{}&#8220;]<\/p>\n<p>Um sicherzustellen, dass unsere Kunden von einem umfassenden Logistikpaket profitieren, bietet M&amp;D Logistics auch umfassende Dienstleistungen f\u00fcr See- und Luftfracht an. Unser Engagement f\u00fcr einen erstklassigen Service erstreckt sich auf alle Facetten der Logistik, und See- und Luftfracht bilden dabei keine Ausnahme. <\/p>\n<h3>Strategische Partnerschaften<\/h3>\n<p>Wir haben starke Partnerschaften mit zuverl\u00e4ssigen Agenturen an den wichtigsten niederl\u00e4ndischen Verkehrsknotenpunkten, n\u00e4mlich Rotterdam und dem Flughafen Schiphol, aufgebaut. Diese strategischen Partnerschaften erm\u00f6glichen es uns, all Ihre See- und Luftfrachtanforderungen effektiv und effizient zu verwalten. Durch diese enge Zusammenarbeit k\u00f6nnen wir sicherstellen, dass Ihre Waren sicher, p\u00fcnktlich und in einwandfreiem Zustand an ihren Bestimmungsort gelangen, egal wo auf der Welt das sein mag.    <\/p>\n<h3>Unser engagierter Service<\/h3>\n<p>Wir bei M&amp;D Logistics sind st\u00e4ndig bestrebt, unsere Dienstleistungen zu optimieren und sie an die spezifischen Bed\u00fcrfnisse unserer Kunden anzupassen. Wir glauben fest an unseren Slogan &#8222;just that little bit extra!&#8220; und dieses Motto spiegelt unser Engagement wider, jedes Mal die Extrameile zu gehen, um Ihre Erwartungen zu erf\u00fcllen und zu \u00fcbertreffen. Ganz gleich, ob Sie Ihre Waren auf dem See- oder Luftweg transportieren, wir sorgen daf\u00fcr, dass jedes Glied im Logistikprozess perfekt aufeinander abgestimmt ist, um Ihnen eine problemlose und effiziente Erfahrung zu bieten.    <\/p>\n<p>[\/et_pb_text][et_pb_button button_url=&#8220;https:\/\/mendlogistics.eu\/de\/kontakt\/&#8220; button_text=&#8220;Planen Sie einen Transport&#8220; _builder_version=&#8220;4.25.1&#8243; _module_preset=&#8220;default&#8220; custom_button=&#8220;on&#8220; button_text_color=&#8220;#FFFFFF&#8220; button_bg_color=&#8220;#EC6525&#8243; button_border_width=&#8220;2px&#8220; button_border_color=&#8220;#EC6525&#8243; button_border_radius=&#8220;0px&#8220; button_letter_spacing=&#8220;2px&#8220; button_font=&#8220;Khand|700|||||||&#8220; button_icon=&#8220;&#x35;||divi||400&#8243; button_on_hover=&#8220;off&#8220; custom_margin=&#8220;60px|||||&#8220; locked=&#8220;off&#8220; global_colors_info=&#8220;{}&#8220; button_text_color__hover_enabled=&#8220;on|hover&#8220; button_text_color__hover=&#8220;#e04d18&#8243; button_bg_color__hover_enabled=&#8220;on|hover&#8220; button_bg_color__hover=&#8220;RGBA(255,255,255,0)&#8220; button_bg_enable_color__hover=&#8220;on&#8220;][\/et_pb_button][\/et_pb_column][et_pb_column type=&#8220;1_2&#8243; _builder_version=&#8220;4.20.2&#8243; _module_preset=&#8220;default&#8220; global_colors_info=&#8220;{}&#8220;][et_pb_image src=&#8220;https:\/\/mendlogistics.eu\/wp-content\/uploads\/2024\/05\/groupagetransport-over-zee.webp&#8220; title_text=&#8220;Sammelgutverkehr auf dem Seeweg&#8220; force_fullwidth=&#8220;on&#8220; _builder_version=&#8220;4.25.1&#8243; _module_preset=&#8220;default&#8220; global_colors_info=&#8220;{}&#8220;][\/et_pb_image][\/et_pb_column][\/et_pb_row][\/et_pb_section]<\/p>\n","protected":false},"excerpt":{"rendered":"<p>See- und Luftfracht Wir sind Ihr zuverl\u00e4ssiger Logistikpartner in der See- und Luftfracht<div class=\"et_pb_module dipi_breadcrumbs dipi_breadcrumbs_0\">\n\t\t\t\t\n\t\t\t\t\n\t\t\t\t\n\t\t\t\t\n\t\t\t\t\n\t\t\t\t\n\t\t\t\t<div class=\"et_pb_module_inner\">\n\t\t\t\t\t<div class=\"dipi-breadcrumbs dipi-bc-center\">\n                <ul >\n                    \n                                                        <li  class=\"dipi-breadcrumb-item dipi-breadcrumb-home\">\n\n                                                    <a  href=\"https:\/\/mendlogistics.eu\/de\/\">\n                                <span  content=\"Home\">\n                                                                        M&amp;D logistics                                <\/span>\n                            <\/a>\n\n                                                <meta itemprop=\"position\" content=\"1\"\/>                    <\/li>\n\n                    <li class=\"dipi-breadcrumb-separator\">\n                    <span class=\"et-pb-icon dipi-separator-icon\">&#x39;<\/span>\n                <\/li>                            \n                <\/ul>\n            <\/div>\n\t\t\t\t<\/div>\n\t\t\t<\/div>Komplette Logistikl\u00f6sungenUm sicherzustellen, dass unsere Kunden von einem umfassenden Logistikpaket profitieren, bietet M&amp;D Logistics auch umfassende Dienstleistungen f\u00fcr See- und Luftfracht an. Unser Engagement f\u00fcr einen erstklassigen Service erstreckt sich auf [&hellip;]<\/p>\n","protected":false},"author":1,"featured_media":0,"parent":257980,"menu_order":2,"comment_status":"closed","ping_status":"closed","template":"","meta":{"_et_pb_use_builder":"on","_et_pb_old_content":"","_et_gb_content_width":"","footnotes":""},"dipi_cpt_category":[],"class_list":["post-258152","page","type-page","status-publish","hentry"],"_links":{"self":[{"href":"https:\/\/mendlogistics.eu\/de\/wp-json\/wp\/v2\/pages\/258152","targetHints":{"allow":["GET"]}}],"collection":[{"href":"https:\/\/mendlogistics.eu\/de\/wp-json\/wp\/v2\/pages"}],"about":[{"href":"https:\/\/mendlogistics.eu\/de\/wp-json\/wp\/v2\/types\/page"}],"author":[{"embeddable":true,"href":"https:\/\/mendlogistics.eu\/de\/wp-json\/wp\/v2\/users\/1"}],"replies":[{"embeddable":true,"href":"https:\/\/mendlogistics.eu\/de\/wp-json\/wp\/v2\/comments?post=258152"}],"version-history":[{"count":10,"href":"https:\/\/mendlogistics.eu\/de\/wp-json\/wp\/v2\/pages\/258152\/revisions"}],"predecessor-version":[{"id":258439,"href":"https:\/\/mendlogistics.eu\/de\/wp-json\/wp\/v2\/pages\/258152\/revisions\/258439"}],"up":[{"embeddable":true,"href":"https:\/\/mendlogistics.eu\/de\/wp-json\/wp\/v2\/pages\/257980"}],"wp:attachment":[{"href":"https:\/\/mendlogistics.eu\/de\/wp-json\/wp\/v2\/media?parent=258152"}],"wp:term":[{"taxonomy":"dipi_cpt_category","embeddable":true,"href":"https:\/\/mendlogistics.eu\/de\/wp-json\/wp\/v2\/dipi_cpt_category?post=258152"}],"curies":[{"name":"wp","href":"https:\/\/api.w.org\/{rel}","templated":true}]}}